{"id":1279,"date":"2019-09-19T20:06:48","date_gmt":"2019-09-20T00:06:48","guid":{"rendered":"https:\/\/thelyrictheatre.ca\/support-us\/sponsorship\/"},"modified":"2021-10-25T10:43:12","modified_gmt":"2021-10-25T14:43:12","slug":"commandites","status":"publish","type":"page","link":"https:\/\/thelyrictheatre.ca\/fr\/soutien\/commandites\/","title":{"rendered":"Commandites"},"content":{"rendered":"\t\t<div data-elementor-type=\"wp-post\" data-elementor-id=\"1279\" class=\"elementor elementor-1279\">\n\t\t\t\t\t\t<section class=\"elementor-section elementor-top-section elementor-element elementor-element-b81860b elementor-section-full_width elementor-section-height-full elementor-section-height-default elementor-section-items-middle\" data-id=\"b81860b\" data-element_type=\"section\" data-e-type=\"section\" data-settings=\"{&quot;jet_parallax_layout_list&quot;:[{&quot;jet_parallax_layout_image&quot;:{&quot;url&quot;:&quot;&quot;,&quot;id&quot;:&quot;&quot;,&quot;size&quot;:&quot;&quot;},&quot;_id&quot;:&quot;8cc3b85&quot;,&quot;jet_parallax_layout_speed&quot;:{&quot;unit&quot;:&quot;%&quot;,&quot;size&quot;:50,&quot;sizes&quot;:[]},&quot;jet_parallax_layout_image_tablet&quot;:{&quot;url&quot;:&quot;&quot;,&quot;id&quot;:&quot;&quot;,&quot;size&quot;:&quot;&quot;},&quot;jet_parallax_layout_image_mobile&quot;:{&quot;url&quot;:&quot;&quot;,&quot;id&quot;:&quot;&quot;,&quot;size&quot;:&quot;&quot;},&quot;jet_parallax_layout_type&quot;:&quot;scroll&quot;,&quot;jet_parallax_layout_direction&quot;:&quot;1&quot;,&quot;jet_parallax_layout_fx_direction&quot;:null,&quot;jet_parallax_layout_z_index&quot;:&quot;&quot;,&quot;jet_parallax_layout_bg_x&quot;:50,&quot;jet_parallax_layout_bg_x_tablet&quot;:&quot;&quot;,&quot;jet_parallax_layout_bg_x_mobile&quot;:&quot;&quot;,&quot;jet_parallax_layout_bg_y&quot;:50,&quot;jet_parallax_layout_bg_y_tablet&quot;:&quot;&quot;,&quot;jet_parallax_layout_bg_y_mobile&quot;:&quot;&quot;,&quot;jet_parallax_layout_bg_size&quot;:&quot;auto&quot;,&quot;jet_parallax_layout_bg_size_tablet&quot;:&quot;&quot;,&quot;jet_parallax_layout_bg_size_mobile&quot;:&quot;&quot;,&quot;jet_parallax_layout_animation_prop&quot;:&quot;transform&quot;,&quot;jet_parallax_layout_on&quot;:[&quot;desktop&quot;,&quot;tablet&quot;]}]}\">\n\t\t\t\t\t\t<div class=\"elementor-container elementor-column-gap-no\">\n\t\t\t\t\t<div class=\"elementor-column elementor-col-100 elementor-top-column elementor-element elementor-element-1e3f5b8\" data-id=\"1e3f5b8\" data-element_type=\"column\" data-e-type=\"column\">\n\t\t\t<div class=\"elementor-widget-wrap elementor-element-populated\">\n\t\t\t\t\t\t<div class=\"elementor-element elementor-element-71a65cc elementor-widget elementor-widget-jet-slider\" data-id=\"71a65cc\" data-element_type=\"widget\" data-e-type=\"widget\" data-settings=\"{&quot;slider_height&quot;:{&quot;unit&quot;:&quot;vh&quot;,&quot;size&quot;:100,&quot;sizes&quot;:[]},&quot;slider_height_mobile&quot;:{&quot;unit&quot;:&quot;px&quot;,&quot;size&quot;:250,&quot;sizes&quot;:[]},&quot;slider_height_tablet&quot;:{&quot;unit&quot;:&quot;px&quot;,&quot;size&quot;:&quot;&quot;,&quot;sizes&quot;:[]}}\" data-widget_type=\"jet-slider.default\">\n\t\t\t\t<div class=\"elementor-widget-container\">\n\t\t\t\t\t<div class=\"elementor-jet-slider jet-elements\">\n<div class=\"jet-slider jet-slider__image-exact\" data-settings='{&quot;sliderWidth&quot;:1,&quot;sliderHeight&quot;:1,&quot;sliderNavigation&quot;:false,&quot;sliderNavigationIcon&quot;:&quot;jet-slider__arrow-icon-71a65cc&quot;,&quot;sliderNaviOnHover&quot;:true,&quot;sliderPagination&quot;:true,&quot;sliderAutoplay&quot;:true,&quot;sliderAutoplayDelay&quot;:10000,&quot;sliderAutoplayOnHover&quot;:&quot;pause&quot;,&quot;sliderFullScreen&quot;:false,&quot;sliderFullscreenIcon&quot;:&quot;jet-slider__fullscreen-icon-71a65cc&quot;,&quot;sliderShuffle&quot;:false,&quot;sliderLoop&quot;:false,&quot;sliderFadeMode&quot;:true,&quot;slideDistance&quot;:1,&quot;slideDuration&quot;:5000,&quot;imageScaleMode&quot;:&quot;exact&quot;,&quot;thumbnails&quot;:false,&quot;thumbnailWidth&quot;:120,&quot;thumbnailHeight&quot;:80,&quot;rightToLeft&quot;:false,&quot;touchswipe&quot;:true,&quot;fractionPag&quot;:false,&quot;fractionPrefix&quot;:&quot;&quot;,&quot;fractionSeparator&quot;:&quot;\\\/&quot;,&quot;fractionSuffix&quot;:&quot;&quot;,&quot;autoSliderHeight&quot;:false}'>\n\t\n<div  class=\"slider-pro\">\n\t<div class=\"jet-slider__arrow-icon-71a65cc hidden-html\"><\/div><div class=\"jet-slider__fullscreen-icon-71a65cc hidden-html\"><\/div>\t<div class=\"jet-slider__items sp-slides\">\n\n\n<div  class=\"jet-slider__item sp-slide elementor-repeater-item-a9e4e62\"><img decoding=\"async\" class=\"sp-image\" src=\"https:\/\/thelyrictheatre.ca\/wp-content\/uploads\/2019\/07\/sponsors-02.jpg\" alt=\"sponsors-02\" loading=\"lazy\"><div class=\"jet-slider__content sp-layer \" data-position=\"centerCenter\" data-width=\"100%\" data-height=\"100%\" data-horizontal=\"0%\" data-show-transition=\"up\" data-show-duration=\"400\" data-show-delay=\"400\" >\n\t\t<div class=\"jet-slider__content-item\">\n\t\t\t<div class=\"jet-slider__content-inner\"><h5 class=\"jet-slider__title\">Commandites<\/h5><h5 class=\"jet-slider__subtitle\">  <\/h5> \n\n\t\t\t\t\t\t<div class=\"jet-slider__button-wrapper\">\t\t\t\t\t\t<\/div><\/div>\n\t\t<\/div>\n\t\t\t<\/div>\n<\/div>\n\n<\/div>\n<\/div>\n<\/div>\n<\/div>\t\t\t\t<\/div>\n\t\t\t\t<\/div>\n\t\t\t\t\t<\/div>\n\t\t<\/div>\n\t\t\t\t\t<\/div>\n\t\t<\/section>\n\t\t\t\t<section class=\"elementor-section elementor-top-section elementor-element elementor-element-ad93163 elementor-section-boxed elementor-section-height-default elementor-section-height-default\" data-id=\"ad93163\" data-element_type=\"section\" data-e-type=\"section\" data-settings=\"{&quot;jet_parallax_layout_list&quot;:[{&quot;jet_parallax_layout_image&quot;:{&quot;url&quot;:&quot;&quot;,&quot;id&quot;:&quot;&quot;,&quot;size&quot;:&quot;&quot;},&quot;_id&quot;:&quot;1b8da82&quot;,&quot;jet_parallax_layout_speed&quot;:{&quot;unit&quot;:&quot;%&quot;,&quot;size&quot;:50,&quot;sizes&quot;:[]},&quot;jet_parallax_layout_image_tablet&quot;:{&quot;url&quot;:&quot;&quot;,&quot;id&quot;:&quot;&quot;,&quot;size&quot;:&quot;&quot;},&quot;jet_parallax_layout_image_mobile&quot;:{&quot;url&quot;:&quot;&quot;,&quot;id&quot;:&quot;&quot;,&quot;size&quot;:&quot;&quot;},&quot;jet_parallax_layout_type&quot;:&quot;scroll&quot;,&quot;jet_parallax_layout_direction&quot;:&quot;1&quot;,&quot;jet_parallax_layout_fx_direction&quot;:null,&quot;jet_parallax_layout_z_index&quot;:&quot;&quot;,&quot;jet_parallax_layout_bg_x&quot;:50,&quot;jet_parallax_layout_bg_x_tablet&quot;:&quot;&quot;,&quot;jet_parallax_layout_bg_x_mobile&quot;:&quot;&quot;,&quot;jet_parallax_layout_bg_y&quot;:50,&quot;jet_parallax_layout_bg_y_tablet&quot;:&quot;&quot;,&quot;jet_parallax_layout_bg_y_mobile&quot;:&quot;&quot;,&quot;jet_parallax_layout_bg_size&quot;:&quot;auto&quot;,&quot;jet_parallax_layout_bg_size_tablet&quot;:&quot;&quot;,&quot;jet_parallax_layout_bg_size_mobile&quot;:&quot;&quot;,&quot;jet_parallax_layout_animation_prop&quot;:&quot;transform&quot;,&quot;jet_parallax_layout_on&quot;:[&quot;desktop&quot;,&quot;tablet&quot;]}]}\">\n\t\t\t\t\t\t<div class=\"elementor-container elementor-column-gap-default\">\n\t\t\t\t\t<div class=\"elementor-column elementor-col-100 elementor-top-column elementor-element elementor-element-691da67\" data-id=\"691da67\" data-element_type=\"column\" data-e-type=\"column\">\n\t\t\t<div class=\"elementor-widget-wrap elementor-element-populated\">\n\t\t\t\t\t\t<div class=\"elementor-element elementor-element-3e69516 elementor-widget elementor-widget-text-editor\" data-id=\"3e69516\" data-element_type=\"widget\" data-e-type=\"widget\" data-widget_type=\"text-editor.default\">\n\t\t\t\t<div class=\"elementor-widget-container\">\n\t\t\t\t\t\t\t\t\t<p style=\"text-align: left;\">En plus d\u2019offrir une formation en th\u00e9\u00e2tre musical \u00e0 nos artistes en produisant des spectacles de haut calibre, le Lyric Theatre veut \u00e9galement s\u2019assurer que ses partenaires puissent b\u00e9n\u00e9ficier d\u2019un excellent rapport qualit\u00e9\/prix pour leur investissement. Des forfaits sont disponibles pour tous les budgets et nous sommes heureux de travailler avec vous afin de personnaliser un forfait si vous le souhaitez.<\/p><h3 style=\"text-align: center;\"><span style=\"color: #c68535;\"><span style=\"font-size: 30px;\">The Lyric Theatre Singers<\/span><\/span><br \/><em style=\"color: #000000; font-size: 24px;\">Revue de style Broadway<\/em><span style=\"color: #000000;\"><span style=\"font-size: 24px;\">, Th\u00e9\u00e2tre DB Clarke en juin<\/span><\/span><br \/><em style=\"color: #000000; font-size: 24px;\">No\u00ebl aux chandelles<\/em><span style=\"color: #000000;\"><span style=\"font-size: 24px;\">, Chapelle Loyola\u00a0en d\u00e9cembre<\/span><\/span><\/h3><hr style=\"width: 50%; text-align: center; margin: 0 auto; margin-top: 45px; margin-bottom: 35px;\" \/><h3 style=\"font-size: 30px; text-align: center;\"><span style=\"color: #c68535;\">Commandite Platinum<br \/>$7500<br \/><\/span><\/h3><p style=\"text-align: center;\">Seulement une commandite disponible<\/p><ul><li style=\"text-align: left;\">En tant que Commanditaire Platine votre entreprise sera le commanditaire principal des deux \u00e9v\u00e8nements des Lyric Theatre Singers \u2013 votre logo sera mis en \u00e9vidence et en priorit\u00e9 sur tous les documents \u00e9num\u00e9r\u00e9s ci-dessous\u00a0:<\/li><li style=\"text-align: left;\">2 500 cartes promotionnelles<\/li><li style=\"text-align: left;\">Affiches<\/li><li style=\"text-align: left;\">Couverture des programmes de soir\u00e9e<\/li><li style=\"text-align: left;\">Communiqu\u00e9s de presse<\/li><li style=\"text-align: left;\">Correspondance, courriel et papier<\/li><li style=\"text-align: left;\">Invitations m\u00e9dia et VIP<\/li><li style=\"text-align: left;\">Publicit\u00e9s imprim\u00e9es, journal, etc.<\/li><\/ul><p style=\"text-align: left; margin-left: 20px;\">Plus\u2026<\/p><ul><li style=\"text-align: left;\">Publicit\u00e9 pleine page, en quatri\u00e8me de couverture, dans nos programmes de soir\u00e9e<\/li><li style=\"text-align: left;\">Visibilit\u00e9 lors des repr\u00e9sentations : des affiches portant votre logo seront deux fois plus pr\u00e9sents que ceux des Commanditaires Or.<\/li><li style=\"text-align: left;\">30 billets de faveur pour le spectacle de juin, 16 billets pour le spectacle de No\u00ebl<\/li><li style=\"text-align: left;\">Reconnaissance de votre entreprise en direct lors de chaque repr\u00e9sentation.<\/li><li style=\"text-align: left;\">Un lien sur notre site Internet vers le site de votre entreprise<\/li><\/ul><hr style=\"width: 50%; text-align: center; margin: 0 auto; margin-top: 45px; margin-bottom: 35px;\" \/><h3 style=\"font-size: 30px; text-align: center;\"><span style=\"color: #c68535;\">Commandite Or<br \/>$5000<\/span><\/h3><ul><li style=\"text-align: left;\">Votre logo sur 2 500 cartes promotionnelles<\/li><li style=\"text-align: left;\">Votre logo sur nos affiches<\/li><li style=\"text-align: left;\">Votre logo sur la couverture des programmes de soir\u00e9e<\/li><li style=\"text-align: left;\">Votre logo sur nos communiqu\u00e9s de presse<\/li><li style=\"text-align: left;\">Votre logo sur toute correspondance, courriel et papier<\/li><li style=\"text-align: left;\">Votre logo sur les invitations m\u00e9dia et VIP<\/li><li style=\"text-align: left;\">Visibilit\u00e9 lors des spectacles gr\u00e2ce \u00e0 une affiche, portant votre logo, \u00e0 chaque repr\u00e9sentation<\/li><li style=\"text-align: left;\">20 billets de faveur pour le spectacle de juin, 10 billets pour le spectacle de No\u00ebl<\/li><li style=\"text-align: left;\">Reconnaissance de votre entreprise en direct lors de chaque repr\u00e9sentation<\/li><li style=\"text-align: left;\">Votre logo sur les publicit\u00e9s imprim\u00e9es, journal, etc.<\/li><li style=\"text-align: left;\">Publicit\u00e9 pleine page dans nos programmes de soir\u00e9e<\/li><li style=\"text-align: left;\">Un lien sur notre site Internet vers le site de votre entreprise<\/li><\/ul><hr style=\"width: 50%; text-align: center; margin: 0 auto; margin-top: 45px; margin-bottom: 35px;\" \/><h3 style=\"font-size: 30px; text-align: center;\"><span style=\"color: #c68535;\">Commandite Argent<br \/>$3500<\/span><\/h3><ul><li style=\"text-align: left;\">Votre logo sur 2 500 cartes promotionnelles<\/li><li style=\"text-align: left;\">Votre logo sur nos affiches<\/li><li style=\"text-align: left;\">Votre logo sur la couverture des programmes de soir\u00e9e<\/li><li style=\"text-align: left;\">Votre logo sur nos communiqu\u00e9s de presse<\/li><li style=\"text-align: left;\">Votre logo sur toute correspondance, courriel et papier<\/li><li style=\"text-align: left;\">Votre logo sur les invitations m\u00e9dia et VIP<\/li><li style=\"text-align: left;\">10 billets de faveur pour le spectacle de juin, 4 billets pour le spectacle de No\u00ebl<\/li><li style=\"text-align: left;\">Reconnaissance de votre entreprise en direct lors de chaque repr\u00e9sentation<\/li><li style=\"text-align: left;\">Votre logo sur les publicit\u00e9s imprim\u00e9es, journal, etc.<\/li><li style=\"text-align: left;\">Publicit\u00e9 demi-page dans nos programmes de soir\u00e9e<\/li><li style=\"text-align: left;\">Un lien sur notre site Internet vers le site de votre entreprise<\/li><\/ul><hr style=\"width: 50%; text-align: center; margin: 0 auto; margin-top: 45px; margin-bottom: 35px;\" \/><h3 style=\"font-size: 30px; text-align: center;\"><span style=\"color: #c68535;\">Commandite Bronze<br \/>$1500<\/span><\/h3><ul><li style=\"text-align: left;\">Votre logo sur 2 500 cartes promotionnelles<\/li><li style=\"text-align: left;\">Votre logo sur nos affiches<\/li><li style=\"text-align: left;\">Votre logo sur la couverture des programmes de soir\u00e9e<\/li><li style=\"text-align: left;\">Votre logo sur nos communiqu\u00e9s de presse<\/li><li style=\"text-align: left;\">Votre logo sur toute correspondance, courriel et papier<\/li><li style=\"text-align: left;\">Votre logo sur les invitations m\u00e9dia et VIP<\/li><li style=\"text-align: left;\">Votre logo sur notre site web<\/li><li style=\"text-align: left;\">4 billets de faveur pour le spectacle de juin, 4 billets pour le spectacle de No\u00ebl<\/li><li style=\"text-align: left;\">Reconnaissance de votre entreprise en direct lors de chaque repr\u00e9sentation<\/li><li style=\"text-align: left;\">Votre logo sur les publicit\u00e9s imprim\u00e9es, journal, etc.<\/li><li style=\"text-align: left;\">Un lien sur notre site Internet vers le site de votre entreprise<\/li><\/ul><hr style=\"width: 50%; text-align: center; margin: 0 auto; margin-top: 45px; margin-bottom: 35px;\" \/><p style=\"text-align: center;\"><strong>Contact<\/strong>:<br \/>Louise Dorais<br \/>514-591-4149<br \/><u><a href=\"mailto:louised@linkinternat.com\">louised@linkinternat.com<\/a><\/u><\/p>\t\t\t\t\t\t\t\t<\/div>\n\t\t\t\t<\/div>\n\t\t\t\t\t<\/div>\n\t\t<\/div>\n\t\t\t\t\t<\/div>\n\t\t<\/section>\n\t\t\t\t<\/div>\n\t\t","protected":false},"excerpt":{"rendered":"<p>Commandites En plus d\u2019offrir une formation en th\u00e9\u00e2tre musical \u00e0 nos artistes en produisant des spectacles de haut calibre, le Lyric Theatre veut \u00e9galement s\u2019assurer que ses partenaires puissent b\u00e9n\u00e9ficier d\u2019un excellent rapport qualit\u00e9\/prix pour leur investissement. Des forfaits sont disponibles pour tous les budgets et nous sommes heureux de travailler avec vous afin de [&hellip;]<\/p>\n","protected":false},"author":1,"featured_media":0,"parent":1276,"menu_order":0,"comment_status":"closed","ping_status":"closed","template":"full-width.php","meta":{"_acf_changed":false,"footnotes":""},"class_list":["post-1279","page","type-page","status-publish","hentry"],"acf":[],"yoast_head":"<!-- This site is optimized with the Yoast SEO plugin v27.2 - https:\/\/yoast.com\/product\/yoast-seo-wordpress\/ -->\n<title>Commandites<\/title>\n<meta name=\"robots\" content=\"index, follow, max-snippet:-1, max-image-preview:large, max-video-preview:-1\" \/>\n<link rel=\"canonical\" href=\"https:\/\/thelyrictheatre.ca\/fr\/soutien\/commandites\/\" \/>\n<meta property=\"og:locale\" content=\"fr_FR\" \/>\n<meta property=\"og:type\" content=\"article\" \/>\n<meta property=\"og:title\" content=\"Commandites\" \/>\n<meta property=\"og:description\" content=\"Commandites En plus d\u2019offrir une formation en th\u00e9\u00e2tre musical \u00e0 nos artistes en produisant des spectacles de haut calibre, le Lyric Theatre veut \u00e9galement s\u2019assurer que ses partenaires puissent b\u00e9n\u00e9ficier d\u2019un excellent rapport qualit\u00e9\/prix pour leur investissement. Des forfaits sont disponibles pour tous les budgets et nous sommes heureux de travailler avec vous afin de [&hellip;]\" \/>\n<meta property=\"og:url\" content=\"https:\/\/thelyrictheatre.ca\/fr\/soutien\/commandites\/\" \/>\n<meta property=\"og:site_name\" content=\"The Lyric Theatre\" \/>\n<meta property=\"article:publisher\" content=\"https:\/\/www.facebook.com\/LyricTheatreMontreal?fref=ts\" \/>\n<meta property=\"article:modified_time\" content=\"2021-10-25T14:43:12+00:00\" \/>\n<meta property=\"og:image\" content=\"https:\/\/thelyrictheatre.ca\/wp-content\/uploads\/2019\/07\/sponsors-02.jpg\" \/>\n<meta name=\"twitter:card\" content=\"summary_large_image\" \/>\n<meta name=\"twitter:site\" content=\"@lyrictheatremtl\" \/>\n<meta name=\"twitter:label1\" content=\"Dur\u00e9e de lecture estim\u00e9e\" \/>\n\t<meta name=\"twitter:data1\" content=\"3 minutes\" \/>\n<script type=\"application\/ld+json\" class=\"yoast-schema-graph\">{\"@context\":\"https:\/\/schema.org\",\"@graph\":[{\"@type\":\"WebPage\",\"@id\":\"https:\/\/thelyrictheatre.ca\/fr\/soutien\/commandites\/\",\"url\":\"https:\/\/thelyrictheatre.ca\/fr\/soutien\/commandites\/\",\"name\":\"Commandites\",\"isPartOf\":{\"@id\":\"https:\/\/thelyrictheatre.ca\/#website\"},\"primaryImageOfPage\":{\"@id\":\"https:\/\/thelyrictheatre.ca\/fr\/soutien\/commandites\/#primaryimage\"},\"image\":{\"@id\":\"https:\/\/thelyrictheatre.ca\/fr\/soutien\/commandites\/#primaryimage\"},\"thumbnailUrl\":\"https:\/\/thelyrictheatre.ca\/wp-content\/uploads\/2019\/07\/sponsors-02.jpg\",\"datePublished\":\"2019-09-20T00:06:48+00:00\",\"dateModified\":\"2021-10-25T14:43:12+00:00\",\"breadcrumb\":{\"@id\":\"https:\/\/thelyrictheatre.ca\/fr\/soutien\/commandites\/#breadcrumb\"},\"inLanguage\":\"fr-FR\",\"potentialAction\":[{\"@type\":\"ReadAction\",\"target\":[\"https:\/\/thelyrictheatre.ca\/fr\/soutien\/commandites\/\"]}]},{\"@type\":\"ImageObject\",\"inLanguage\":\"fr-FR\",\"@id\":\"https:\/\/thelyrictheatre.ca\/fr\/soutien\/commandites\/#primaryimage\",\"url\":\"https:\/\/thelyrictheatre.ca\/wp-content\/uploads\/2019\/07\/sponsors-02.jpg\",\"contentUrl\":\"https:\/\/thelyrictheatre.ca\/wp-content\/uploads\/2019\/07\/sponsors-02.jpg\"},{\"@type\":\"BreadcrumbList\",\"@id\":\"https:\/\/thelyrictheatre.ca\/fr\/soutien\/commandites\/#breadcrumb\",\"itemListElement\":[{\"@type\":\"ListItem\",\"position\":1,\"name\":\"Home\",\"item\":\"https:\/\/thelyrictheatre.ca\/\"},{\"@type\":\"ListItem\",\"position\":2,\"name\":\"Soutien\",\"item\":\"https:\/\/thelyrictheatre.ca\/fr\/soutien\/\"},{\"@type\":\"ListItem\",\"position\":3,\"name\":\"Commandites\"}]},{\"@type\":\"WebSite\",\"@id\":\"https:\/\/thelyrictheatre.ca\/#website\",\"url\":\"https:\/\/thelyrictheatre.ca\/\",\"name\":\"The Lyric Theatre\",\"description\":\"Une attraction incontournable de Montr\u00e9al pour les amoureux de th\u00e9\u00e2tre\",\"publisher\":{\"@id\":\"https:\/\/thelyrictheatre.ca\/#organization\"},\"potentialAction\":[{\"@type\":\"SearchAction\",\"target\":{\"@type\":\"EntryPoint\",\"urlTemplate\":\"https:\/\/thelyrictheatre.ca\/?s={search_term_string}\"},\"query-input\":{\"@type\":\"PropertyValueSpecification\",\"valueRequired\":true,\"valueName\":\"search_term_string\"}}],\"inLanguage\":\"fr-FR\"},{\"@type\":\"Organization\",\"@id\":\"https:\/\/thelyrictheatre.ca\/#organization\",\"name\":\"The Lyric Theatre\",\"url\":\"https:\/\/thelyrictheatre.ca\/\",\"logo\":{\"@type\":\"ImageObject\",\"inLanguage\":\"fr-FR\",\"@id\":\"https:\/\/thelyrictheatre.ca\/#\/schema\/logo\/image\/\",\"url\":\"https:\/\/thelyrictheatre.ca\/wp-content\/uploads\/2019\/06\/lyric-theatre-logo-white.png\",\"contentUrl\":\"https:\/\/thelyrictheatre.ca\/wp-content\/uploads\/2019\/06\/lyric-theatre-logo-white.png\",\"width\":576,\"height\":286,\"caption\":\"The Lyric Theatre\"},\"image\":{\"@id\":\"https:\/\/thelyrictheatre.ca\/#\/schema\/logo\/image\/\"},\"sameAs\":[\"https:\/\/www.facebook.com\/LyricTheatreMontreal?fref=ts\",\"https:\/\/x.com\/lyrictheatremtl\",\"https:\/\/www.youtube.com\/user\/LyricTheatreSingers\"]}]}<\/script>\n<!-- \/ Yoast SEO plugin. -->","yoast_head_json":{"title":"Commandites","robots":{"index":"index","follow":"follow","max-snippet":"max-snippet:-1","max-image-preview":"max-image-preview:large","max-video-preview":"max-video-preview:-1"},"canonical":"https:\/\/thelyrictheatre.ca\/fr\/soutien\/commandites\/","og_locale":"fr_FR","og_type":"article","og_title":"Commandites","og_description":"Commandites En plus d\u2019offrir une formation en th\u00e9\u00e2tre musical \u00e0 nos artistes en produisant des spectacles de haut calibre, le Lyric Theatre veut \u00e9galement s\u2019assurer que ses partenaires puissent b\u00e9n\u00e9ficier d\u2019un excellent rapport qualit\u00e9\/prix pour leur investissement. Des forfaits sont disponibles pour tous les budgets et nous sommes heureux de travailler avec vous afin de [&hellip;]","og_url":"https:\/\/thelyrictheatre.ca\/fr\/soutien\/commandites\/","og_site_name":"The Lyric Theatre","article_publisher":"https:\/\/www.facebook.com\/LyricTheatreMontreal?fref=ts","article_modified_time":"2021-10-25T14:43:12+00:00","og_image":[{"url":"https:\/\/thelyrictheatre.ca\/wp-content\/uploads\/2019\/07\/sponsors-02.jpg","type":"","width":"","height":""}],"twitter_card":"summary_large_image","twitter_site":"@lyrictheatremtl","twitter_misc":{"Dur\u00e9e de lecture estim\u00e9e":"3 minutes"},"schema":{"@context":"https:\/\/schema.org","@graph":[{"@type":"WebPage","@id":"https:\/\/thelyrictheatre.ca\/fr\/soutien\/commandites\/","url":"https:\/\/thelyrictheatre.ca\/fr\/soutien\/commandites\/","name":"Commandites","isPartOf":{"@id":"https:\/\/thelyrictheatre.ca\/#website"},"primaryImageOfPage":{"@id":"https:\/\/thelyrictheatre.ca\/fr\/soutien\/commandites\/#primaryimage"},"image":{"@id":"https:\/\/thelyrictheatre.ca\/fr\/soutien\/commandites\/#primaryimage"},"thumbnailUrl":"https:\/\/thelyrictheatre.ca\/wp-content\/uploads\/2019\/07\/sponsors-02.jpg","datePublished":"2019-09-20T00:06:48+00:00","dateModified":"2021-10-25T14:43:12+00:00","breadcrumb":{"@id":"https:\/\/thelyrictheatre.ca\/fr\/soutien\/commandites\/#breadcrumb"},"inLanguage":"fr-FR","potentialAction":[{"@type":"ReadAction","target":["https:\/\/thelyrictheatre.ca\/fr\/soutien\/commandites\/"]}]},{"@type":"ImageObject","inLanguage":"fr-FR","@id":"https:\/\/thelyrictheatre.ca\/fr\/soutien\/commandites\/#primaryimage","url":"https:\/\/thelyrictheatre.ca\/wp-content\/uploads\/2019\/07\/sponsors-02.jpg","contentUrl":"https:\/\/thelyrictheatre.ca\/wp-content\/uploads\/2019\/07\/sponsors-02.jpg"},{"@type":"BreadcrumbList","@id":"https:\/\/thelyrictheatre.ca\/fr\/soutien\/commandites\/#breadcrumb","itemListElement":[{"@type":"ListItem","position":1,"name":"Home","item":"https:\/\/thelyrictheatre.ca\/"},{"@type":"ListItem","position":2,"name":"Soutien","item":"https:\/\/thelyrictheatre.ca\/fr\/soutien\/"},{"@type":"ListItem","position":3,"name":"Commandites"}]},{"@type":"WebSite","@id":"https:\/\/thelyrictheatre.ca\/#website","url":"https:\/\/thelyrictheatre.ca\/","name":"The Lyric Theatre","description":"Une attraction incontournable de Montr\u00e9al pour les amoureux de th\u00e9\u00e2tre","publisher":{"@id":"https:\/\/thelyrictheatre.ca\/#organization"},"potentialAction":[{"@type":"SearchAction","target":{"@type":"EntryPoint","urlTemplate":"https:\/\/thelyrictheatre.ca\/?s={search_term_string}"},"query-input":{"@type":"PropertyValueSpecification","valueRequired":true,"valueName":"search_term_string"}}],"inLanguage":"fr-FR"},{"@type":"Organization","@id":"https:\/\/thelyrictheatre.ca\/#organization","name":"The Lyric Theatre","url":"https:\/\/thelyrictheatre.ca\/","logo":{"@type":"ImageObject","inLanguage":"fr-FR","@id":"https:\/\/thelyrictheatre.ca\/#\/schema\/logo\/image\/","url":"https:\/\/thelyrictheatre.ca\/wp-content\/uploads\/2019\/06\/lyric-theatre-logo-white.png","contentUrl":"https:\/\/thelyrictheatre.ca\/wp-content\/uploads\/2019\/06\/lyric-theatre-logo-white.png","width":576,"height":286,"caption":"The Lyric Theatre"},"image":{"@id":"https:\/\/thelyrictheatre.ca\/#\/schema\/logo\/image\/"},"sameAs":["https:\/\/www.facebook.com\/LyricTheatreMontreal?fref=ts","https:\/\/x.com\/lyrictheatremtl","https:\/\/www.youtube.com\/user\/LyricTheatreSingers"]}]}},"_links":{"self":[{"href":"https:\/\/thelyrictheatre.ca\/fr\/wp-json\/wp\/v2\/pages\/1279","targetHints":{"allow":["GET"]}}],"collection":[{"href":"https:\/\/thelyrictheatre.ca\/fr\/wp-json\/wp\/v2\/pages"}],"about":[{"href":"https:\/\/thelyrictheatre.ca\/fr\/wp-json\/wp\/v2\/types\/page"}],"author":[{"embeddable":true,"href":"https:\/\/thelyrictheatre.ca\/fr\/wp-json\/wp\/v2\/users\/1"}],"replies":[{"embeddable":true,"href":"https:\/\/thelyrictheatre.ca\/fr\/wp-json\/wp\/v2\/comments?post=1279"}],"version-history":[{"count":17,"href":"https:\/\/thelyrictheatre.ca\/fr\/wp-json\/wp\/v2\/pages\/1279\/revisions"}],"predecessor-version":[{"id":1969,"href":"https:\/\/thelyrictheatre.ca\/fr\/wp-json\/wp\/v2\/pages\/1279\/revisions\/1969"}],"up":[{"embeddable":true,"href":"https:\/\/thelyrictheatre.ca\/fr\/wp-json\/wp\/v2\/pages\/1276"}],"wp:attachment":[{"href":"https:\/\/thelyrictheatre.ca\/fr\/wp-json\/wp\/v2\/media?parent=1279"}],"curies":[{"name":"wp","href":"https:\/\/api.w.org\/{rel}","templated":true}]}}