{"id":1256,"date":"2019-09-19T20:02:01","date_gmt":"2019-09-20T00:02:01","guid":{"rendered":"https:\/\/thelyrictheatre.ca\/get-involved\/volunteers\/"},"modified":"2021-10-25T10:40:40","modified_gmt":"2021-10-25T14:40:40","slug":"benevoles","status":"publish","type":"page","link":"https:\/\/thelyrictheatre.ca\/fr\/impliquez-vous\/benevoles\/","title":{"rendered":"B\u00e9n\u00e9voles"},"content":{"rendered":"\t\t<div data-elementor-type=\"wp-post\" data-elementor-id=\"1256\" class=\"elementor elementor-1256\">\n\t\t\t\t\t\t<section class=\"elementor-section elementor-top-section elementor-element elementor-element-b81860b elementor-section-full_width elementor-section-height-full elementor-section-height-default elementor-section-items-middle\" data-id=\"b81860b\" data-element_type=\"section\" data-e-type=\"section\" data-settings=\"{&quot;jet_parallax_layout_list&quot;:[{&quot;jet_parallax_layout_image&quot;:{&quot;url&quot;:&quot;&quot;,&quot;id&quot;:&quot;&quot;,&quot;size&quot;:&quot;&quot;},&quot;_id&quot;:&quot;8cc3b85&quot;,&quot;jet_parallax_layout_speed&quot;:{&quot;unit&quot;:&quot;%&quot;,&quot;size&quot;:50,&quot;sizes&quot;:[]},&quot;jet_parallax_layout_image_tablet&quot;:{&quot;url&quot;:&quot;&quot;,&quot;id&quot;:&quot;&quot;,&quot;size&quot;:&quot;&quot;},&quot;jet_parallax_layout_image_mobile&quot;:{&quot;url&quot;:&quot;&quot;,&quot;id&quot;:&quot;&quot;,&quot;size&quot;:&quot;&quot;},&quot;jet_parallax_layout_type&quot;:&quot;scroll&quot;,&quot;jet_parallax_layout_direction&quot;:&quot;1&quot;,&quot;jet_parallax_layout_fx_direction&quot;:null,&quot;jet_parallax_layout_z_index&quot;:&quot;&quot;,&quot;jet_parallax_layout_bg_x&quot;:50,&quot;jet_parallax_layout_bg_x_tablet&quot;:&quot;&quot;,&quot;jet_parallax_layout_bg_x_mobile&quot;:&quot;&quot;,&quot;jet_parallax_layout_bg_y&quot;:50,&quot;jet_parallax_layout_bg_y_tablet&quot;:&quot;&quot;,&quot;jet_parallax_layout_bg_y_mobile&quot;:&quot;&quot;,&quot;jet_parallax_layout_bg_size&quot;:&quot;auto&quot;,&quot;jet_parallax_layout_bg_size_tablet&quot;:&quot;&quot;,&quot;jet_parallax_layout_bg_size_mobile&quot;:&quot;&quot;,&quot;jet_parallax_layout_animation_prop&quot;:&quot;transform&quot;,&quot;jet_parallax_layout_on&quot;:[&quot;desktop&quot;,&quot;tablet&quot;]}]}\">\n\t\t\t\t\t\t<div class=\"elementor-container elementor-column-gap-no\">\n\t\t\t\t\t<div class=\"elementor-column elementor-col-100 elementor-top-column elementor-element elementor-element-1e3f5b8\" data-id=\"1e3f5b8\" data-element_type=\"column\" data-e-type=\"column\">\n\t\t\t<div class=\"elementor-widget-wrap elementor-element-populated\">\n\t\t\t\t\t\t<div class=\"elementor-element elementor-element-71a65cc elementor-widget elementor-widget-jet-slider\" data-id=\"71a65cc\" data-element_type=\"widget\" data-e-type=\"widget\" data-settings=\"{&quot;slider_height&quot;:{&quot;unit&quot;:&quot;vh&quot;,&quot;size&quot;:100,&quot;sizes&quot;:[]},&quot;slider_height_mobile&quot;:{&quot;unit&quot;:&quot;px&quot;,&quot;size&quot;:250,&quot;sizes&quot;:[]},&quot;slider_height_tablet&quot;:{&quot;unit&quot;:&quot;px&quot;,&quot;size&quot;:&quot;&quot;,&quot;sizes&quot;:[]}}\" data-widget_type=\"jet-slider.default\">\n\t\t\t\t<div class=\"elementor-widget-container\">\n\t\t\t\t\t<div class=\"elementor-jet-slider jet-elements\">\n<div class=\"jet-slider jet-slider__image-exact\" data-settings='{&quot;sliderWidth&quot;:1,&quot;sliderHeight&quot;:1,&quot;sliderNavigation&quot;:false,&quot;sliderNavigationIcon&quot;:&quot;jet-slider__arrow-icon-71a65cc&quot;,&quot;sliderNaviOnHover&quot;:true,&quot;sliderPagination&quot;:true,&quot;sliderAutoplay&quot;:true,&quot;sliderAutoplayDelay&quot;:10000,&quot;sliderAutoplayOnHover&quot;:&quot;pause&quot;,&quot;sliderFullScreen&quot;:false,&quot;sliderFullscreenIcon&quot;:&quot;jet-slider__fullscreen-icon-71a65cc&quot;,&quot;sliderShuffle&quot;:false,&quot;sliderLoop&quot;:false,&quot;sliderFadeMode&quot;:true,&quot;slideDistance&quot;:1,&quot;slideDuration&quot;:5000,&quot;imageScaleMode&quot;:&quot;exact&quot;,&quot;thumbnails&quot;:false,&quot;thumbnailWidth&quot;:120,&quot;thumbnailHeight&quot;:80,&quot;rightToLeft&quot;:false,&quot;touchswipe&quot;:true,&quot;fractionPag&quot;:false,&quot;fractionPrefix&quot;:&quot;&quot;,&quot;fractionSeparator&quot;:&quot;\\\/&quot;,&quot;fractionSuffix&quot;:&quot;&quot;,&quot;autoSliderHeight&quot;:false}'>\n\t\n<div  class=\"slider-pro\">\n\t<div class=\"jet-slider__arrow-icon-71a65cc hidden-html\"><\/div><div class=\"jet-slider__fullscreen-icon-71a65cc hidden-html\"><\/div>\t<div class=\"jet-slider__items sp-slides\">\n\n\n<div  class=\"jet-slider__item sp-slide elementor-repeater-item-a9e4e62\"><img decoding=\"async\" class=\"sp-image\" src=\"https:\/\/thelyrictheatre.ca\/wp-content\/uploads\/2019\/07\/volunteers-banner.jpg\" alt=\"volunteers-banner\" loading=\"lazy\"><div class=\"jet-slider__content sp-layer \" data-position=\"centerCenter\" data-width=\"100%\" data-height=\"100%\" data-horizontal=\"0%\" data-show-transition=\"up\" data-show-duration=\"400\" data-show-delay=\"400\" >\n\t\t<div class=\"jet-slider__content-item\">\n\t\t\t<div class=\"jet-slider__content-inner\"><h5 class=\"jet-slider__title\">B\u00e9n\u00e9voles<\/h5><h5 class=\"jet-slider__subtitle\">  <\/h5> \n\n\t\t\t\t\t\t<div class=\"jet-slider__button-wrapper\">\t\t\t\t\t\t<\/div><\/div>\n\t\t<\/div>\n\t\t\t<\/div>\n<\/div>\n\n<\/div>\n<\/div>\n<\/div>\n<\/div>\t\t\t\t<\/div>\n\t\t\t\t<\/div>\n\t\t\t\t\t<\/div>\n\t\t<\/div>\n\t\t\t\t\t<\/div>\n\t\t<\/section>\n\t\t\t\t<section class=\"elementor-section elementor-top-section elementor-element elementor-element-ad93163 elementor-section-boxed elementor-section-height-default elementor-section-height-default\" data-id=\"ad93163\" data-element_type=\"section\" data-e-type=\"section\" data-settings=\"{&quot;jet_parallax_layout_list&quot;:[{&quot;jet_parallax_layout_image&quot;:{&quot;url&quot;:&quot;&quot;,&quot;id&quot;:&quot;&quot;,&quot;size&quot;:&quot;&quot;},&quot;_id&quot;:&quot;1b8da82&quot;,&quot;jet_parallax_layout_speed&quot;:{&quot;unit&quot;:&quot;%&quot;,&quot;size&quot;:50,&quot;sizes&quot;:[]},&quot;jet_parallax_layout_image_tablet&quot;:{&quot;url&quot;:&quot;&quot;,&quot;id&quot;:&quot;&quot;,&quot;size&quot;:&quot;&quot;},&quot;jet_parallax_layout_image_mobile&quot;:{&quot;url&quot;:&quot;&quot;,&quot;id&quot;:&quot;&quot;,&quot;size&quot;:&quot;&quot;},&quot;jet_parallax_layout_type&quot;:&quot;scroll&quot;,&quot;jet_parallax_layout_direction&quot;:&quot;1&quot;,&quot;jet_parallax_layout_fx_direction&quot;:null,&quot;jet_parallax_layout_z_index&quot;:&quot;&quot;,&quot;jet_parallax_layout_bg_x&quot;:50,&quot;jet_parallax_layout_bg_x_tablet&quot;:&quot;&quot;,&quot;jet_parallax_layout_bg_x_mobile&quot;:&quot;&quot;,&quot;jet_parallax_layout_bg_y&quot;:50,&quot;jet_parallax_layout_bg_y_tablet&quot;:&quot;&quot;,&quot;jet_parallax_layout_bg_y_mobile&quot;:&quot;&quot;,&quot;jet_parallax_layout_bg_size&quot;:&quot;auto&quot;,&quot;jet_parallax_layout_bg_size_tablet&quot;:&quot;&quot;,&quot;jet_parallax_layout_bg_size_mobile&quot;:&quot;&quot;,&quot;jet_parallax_layout_animation_prop&quot;:&quot;transform&quot;,&quot;jet_parallax_layout_on&quot;:[&quot;desktop&quot;,&quot;tablet&quot;]}]}\">\n\t\t\t\t\t\t<div class=\"elementor-container elementor-column-gap-default\">\n\t\t\t\t\t<div class=\"elementor-column elementor-col-50 elementor-top-column elementor-element elementor-element-691da67\" data-id=\"691da67\" data-element_type=\"column\" data-e-type=\"column\">\n\t\t\t<div class=\"elementor-widget-wrap elementor-element-populated\">\n\t\t\t\t\t\t<div class=\"elementor-element elementor-element-3e69516 elementor-widget elementor-widget-text-editor\" data-id=\"3e69516\" data-element_type=\"widget\" data-e-type=\"widget\" data-widget_type=\"text-editor.default\">\n\t\t\t\t<div class=\"elementor-widget-container\">\n\t\t\t\t\t\t\t\t\t<h5 style=\"text-align: left;\">Comme toutes les organisations artistiques communautaires, il serait impossible pour le Lyric Theatre de fonctionner sans ses b\u00e9n\u00e9voles !<\/h5><p>Donner de votre temps, de votre \u00e9nergie et de votre talent est une excellente fa\u00e7on de r\u00e9colter des b\u00e9n\u00e9fices personnels importants tout en fournissant un soutien vital \u00e0 la compagnie. En plus d\u2019\u00eatre bien amusant, rejoindre notre \u00e9quipe vous permettra d\u2019\u00eatre aux premi\u00e8res loges et de constater l\u2019effervescence qui habite l\u2019ensemble, en plus de d\u00e9mystifier les coulisses et le fonctionnement int\u00e9rieur d\u2019un th\u00e9\u00e2tre !<\/p><p>Merci de votre int\u00e9r\u00eat pour le Lyric Theatre. Parlez-nous un peu de vous et de quelle fa\u00e7on vous pourriez contribuer en <a href=\"https:\/\/docs.google.com\/forms\/d\/1_UJaSSTMSICDSGcQz3hSxLSqs40eNfHYfva3XRidlH0\/edit?vc=0&amp;c=0&amp;w=1\" target=\"_blank\" rel=\"noopener\">cliquant ici<\/a> et en remplissant le formulaire de b\u00e9n\u00e9volat. Nous vous contacterons pour vous faire part des opportunit\u00e9s disponibles.<\/p>\t\t\t\t\t\t\t\t<\/div>\n\t\t\t\t<\/div>\n\t\t\t\t\t<\/div>\n\t\t<\/div>\n\t\t\t\t<div class=\"elementor-column elementor-col-50 elementor-top-column elementor-element elementor-element-eb143ae\" data-id=\"eb143ae\" data-element_type=\"column\" data-e-type=\"column\">\n\t\t\t<div class=\"elementor-widget-wrap elementor-element-populated\">\n\t\t\t\t\t\t<div class=\"elementor-element elementor-element-46a9ceb elementor-widget elementor-widget-image\" data-id=\"46a9ceb\" data-element_type=\"widget\" data-e-type=\"widget\" data-widget_type=\"image.default\">\n\t\t\t\t<div class=\"elementor-widget-container\">\n\t\t\t\t\t\t\t\t\t\t\t\t\t\t\t<img fetchpriority=\"high\" decoding=\"async\" width=\"850\" height=\"567\" src=\"https:\/\/thelyrictheatre.ca\/wp-content\/uploads\/2019\/07\/volunteers.jpg\" class=\"attachment-large size-large wp-image-860\" alt=\"\" srcset=\"https:\/\/thelyrictheatre.ca\/wp-content\/uploads\/2019\/07\/volunteers.jpg 850w, https:\/\/thelyrictheatre.ca\/wp-content\/uploads\/2019\/07\/volunteers-300x200.jpg 300w, https:\/\/thelyrictheatre.ca\/wp-content\/uploads\/2019\/07\/volunteers-768x512.jpg 768w\" sizes=\"(max-width: 850px) 100vw, 850px\" \/>\t\t\t\t\t\t\t\t\t\t\t\t\t\t\t<\/div>\n\t\t\t\t<\/div>\n\t\t\t\t\t<\/div>\n\t\t<\/div>\n\t\t\t\t\t<\/div>\n\t\t<\/section>\n\t\t\t\t<\/div>\n\t\t","protected":false},"excerpt":{"rendered":"<p>B\u00e9n\u00e9voles Comme toutes les organisations artistiques communautaires, il serait impossible pour le Lyric Theatre de fonctionner sans ses b\u00e9n\u00e9voles ! Donner de votre temps, de votre \u00e9nergie et de votre talent est une excellente fa\u00e7on de r\u00e9colter des b\u00e9n\u00e9fices personnels importants tout en fournissant un soutien vital \u00e0 la compagnie. En plus d\u2019\u00eatre bien amusant, [&hellip;]<\/p>\n","protected":false},"author":1,"featured_media":0,"parent":1253,"menu_order":0,"comment_status":"closed","ping_status":"closed","template":"full-width.php","meta":{"_acf_changed":false,"footnotes":""},"class_list":["post-1256","page","type-page","status-publish","hentry"],"acf":[],"yoast_head":"<!-- This site is optimized with the Yoast SEO plugin v27.2 - https:\/\/yoast.com\/product\/yoast-seo-wordpress\/ -->\n<title>B\u00e9n\u00e9voles<\/title>\n<meta name=\"robots\" content=\"index, follow, max-snippet:-1, max-image-preview:large, max-video-preview:-1\" \/>\n<link rel=\"canonical\" href=\"https:\/\/thelyrictheatre.ca\/fr\/impliquez-vous\/benevoles\/\" \/>\n<meta property=\"og:locale\" content=\"fr_FR\" \/>\n<meta property=\"og:type\" content=\"article\" \/>\n<meta property=\"og:title\" content=\"B\u00e9n\u00e9voles\" \/>\n<meta property=\"og:description\" content=\"B\u00e9n\u00e9voles Comme toutes les organisations artistiques communautaires, il serait impossible pour le Lyric Theatre de fonctionner sans ses b\u00e9n\u00e9voles ! Donner de votre temps, de votre \u00e9nergie et de votre talent est une excellente fa\u00e7on de r\u00e9colter des b\u00e9n\u00e9fices personnels importants tout en fournissant un soutien vital \u00e0 la compagnie. En plus d\u2019\u00eatre bien amusant, [&hellip;]\" \/>\n<meta property=\"og:url\" content=\"https:\/\/thelyrictheatre.ca\/fr\/impliquez-vous\/benevoles\/\" \/>\n<meta property=\"og:site_name\" content=\"The Lyric Theatre\" \/>\n<meta property=\"article:publisher\" content=\"https:\/\/www.facebook.com\/LyricTheatreMontreal?fref=ts\" \/>\n<meta property=\"article:modified_time\" content=\"2021-10-25T14:40:40+00:00\" \/>\n<meta property=\"og:image\" content=\"https:\/\/thelyrictheatre.ca\/wp-content\/uploads\/2019\/07\/volunteers-banner.jpg\" \/>\n<meta name=\"twitter:card\" content=\"summary_large_image\" \/>\n<meta name=\"twitter:site\" content=\"@lyrictheatremtl\" \/>\n<meta name=\"twitter:label1\" content=\"Dur\u00e9e de lecture estim\u00e9e\" \/>\n\t<meta name=\"twitter:data1\" content=\"1 minute\" \/>\n<script type=\"application\/ld+json\" class=\"yoast-schema-graph\">{\"@context\":\"https:\/\/schema.org\",\"@graph\":[{\"@type\":\"WebPage\",\"@id\":\"https:\/\/thelyrictheatre.ca\/fr\/impliquez-vous\/benevoles\/\",\"url\":\"https:\/\/thelyrictheatre.ca\/fr\/impliquez-vous\/benevoles\/\",\"name\":\"B\u00e9n\u00e9voles\",\"isPartOf\":{\"@id\":\"https:\/\/thelyrictheatre.ca\/#website\"},\"primaryImageOfPage\":{\"@id\":\"https:\/\/thelyrictheatre.ca\/fr\/impliquez-vous\/benevoles\/#primaryimage\"},\"image\":{\"@id\":\"https:\/\/thelyrictheatre.ca\/fr\/impliquez-vous\/benevoles\/#primaryimage\"},\"thumbnailUrl\":\"https:\/\/thelyrictheatre.ca\/wp-content\/uploads\/2019\/07\/volunteers-banner.jpg\",\"datePublished\":\"2019-09-20T00:02:01+00:00\",\"dateModified\":\"2021-10-25T14:40:40+00:00\",\"breadcrumb\":{\"@id\":\"https:\/\/thelyrictheatre.ca\/fr\/impliquez-vous\/benevoles\/#breadcrumb\"},\"inLanguage\":\"fr-FR\",\"potentialAction\":[{\"@type\":\"ReadAction\",\"target\":[\"https:\/\/thelyrictheatre.ca\/fr\/impliquez-vous\/benevoles\/\"]}]},{\"@type\":\"ImageObject\",\"inLanguage\":\"fr-FR\",\"@id\":\"https:\/\/thelyrictheatre.ca\/fr\/impliquez-vous\/benevoles\/#primaryimage\",\"url\":\"https:\/\/thelyrictheatre.ca\/wp-content\/uploads\/2019\/07\/volunteers-banner.jpg\",\"contentUrl\":\"https:\/\/thelyrictheatre.ca\/wp-content\/uploads\/2019\/07\/volunteers-banner.jpg\"},{\"@type\":\"BreadcrumbList\",\"@id\":\"https:\/\/thelyrictheatre.ca\/fr\/impliquez-vous\/benevoles\/#breadcrumb\",\"itemListElement\":[{\"@type\":\"ListItem\",\"position\":1,\"name\":\"Home\",\"item\":\"https:\/\/thelyrictheatre.ca\/\"},{\"@type\":\"ListItem\",\"position\":2,\"name\":\"Impliquez-vous\",\"item\":\"https:\/\/thelyrictheatre.ca\/fr\/impliquez-vous\/\"},{\"@type\":\"ListItem\",\"position\":3,\"name\":\"B\u00e9n\u00e9voles\"}]},{\"@type\":\"WebSite\",\"@id\":\"https:\/\/thelyrictheatre.ca\/#website\",\"url\":\"https:\/\/thelyrictheatre.ca\/\",\"name\":\"The Lyric Theatre\",\"description\":\"Une attraction incontournable de Montr\u00e9al pour les amoureux de th\u00e9\u00e2tre\",\"publisher\":{\"@id\":\"https:\/\/thelyrictheatre.ca\/#organization\"},\"potentialAction\":[{\"@type\":\"SearchAction\",\"target\":{\"@type\":\"EntryPoint\",\"urlTemplate\":\"https:\/\/thelyrictheatre.ca\/?s={search_term_string}\"},\"query-input\":{\"@type\":\"PropertyValueSpecification\",\"valueRequired\":true,\"valueName\":\"search_term_string\"}}],\"inLanguage\":\"fr-FR\"},{\"@type\":\"Organization\",\"@id\":\"https:\/\/thelyrictheatre.ca\/#organization\",\"name\":\"The Lyric Theatre\",\"url\":\"https:\/\/thelyrictheatre.ca\/\",\"logo\":{\"@type\":\"ImageObject\",\"inLanguage\":\"fr-FR\",\"@id\":\"https:\/\/thelyrictheatre.ca\/#\/schema\/logo\/image\/\",\"url\":\"https:\/\/thelyrictheatre.ca\/wp-content\/uploads\/2019\/06\/lyric-theatre-logo-white.png\",\"contentUrl\":\"https:\/\/thelyrictheatre.ca\/wp-content\/uploads\/2019\/06\/lyric-theatre-logo-white.png\",\"width\":576,\"height\":286,\"caption\":\"The Lyric Theatre\"},\"image\":{\"@id\":\"https:\/\/thelyrictheatre.ca\/#\/schema\/logo\/image\/\"},\"sameAs\":[\"https:\/\/www.facebook.com\/LyricTheatreMontreal?fref=ts\",\"https:\/\/x.com\/lyrictheatremtl\",\"https:\/\/www.youtube.com\/user\/LyricTheatreSingers\"]}]}<\/script>\n<!-- \/ Yoast SEO plugin. -->","yoast_head_json":{"title":"B\u00e9n\u00e9voles","robots":{"index":"index","follow":"follow","max-snippet":"max-snippet:-1","max-image-preview":"max-image-preview:large","max-video-preview":"max-video-preview:-1"},"canonical":"https:\/\/thelyrictheatre.ca\/fr\/impliquez-vous\/benevoles\/","og_locale":"fr_FR","og_type":"article","og_title":"B\u00e9n\u00e9voles","og_description":"B\u00e9n\u00e9voles Comme toutes les organisations artistiques communautaires, il serait impossible pour le Lyric Theatre de fonctionner sans ses b\u00e9n\u00e9voles ! Donner de votre temps, de votre \u00e9nergie et de votre talent est une excellente fa\u00e7on de r\u00e9colter des b\u00e9n\u00e9fices personnels importants tout en fournissant un soutien vital \u00e0 la compagnie. En plus d\u2019\u00eatre bien amusant, [&hellip;]","og_url":"https:\/\/thelyrictheatre.ca\/fr\/impliquez-vous\/benevoles\/","og_site_name":"The Lyric Theatre","article_publisher":"https:\/\/www.facebook.com\/LyricTheatreMontreal?fref=ts","article_modified_time":"2021-10-25T14:40:40+00:00","og_image":[{"url":"https:\/\/thelyrictheatre.ca\/wp-content\/uploads\/2019\/07\/volunteers-banner.jpg","type":"","width":"","height":""}],"twitter_card":"summary_large_image","twitter_site":"@lyrictheatremtl","twitter_misc":{"Dur\u00e9e de lecture estim\u00e9e":"1 minute"},"schema":{"@context":"https:\/\/schema.org","@graph":[{"@type":"WebPage","@id":"https:\/\/thelyrictheatre.ca\/fr\/impliquez-vous\/benevoles\/","url":"https:\/\/thelyrictheatre.ca\/fr\/impliquez-vous\/benevoles\/","name":"B\u00e9n\u00e9voles","isPartOf":{"@id":"https:\/\/thelyrictheatre.ca\/#website"},"primaryImageOfPage":{"@id":"https:\/\/thelyrictheatre.ca\/fr\/impliquez-vous\/benevoles\/#primaryimage"},"image":{"@id":"https:\/\/thelyrictheatre.ca\/fr\/impliquez-vous\/benevoles\/#primaryimage"},"thumbnailUrl":"https:\/\/thelyrictheatre.ca\/wp-content\/uploads\/2019\/07\/volunteers-banner.jpg","datePublished":"2019-09-20T00:02:01+00:00","dateModified":"2021-10-25T14:40:40+00:00","breadcrumb":{"@id":"https:\/\/thelyrictheatre.ca\/fr\/impliquez-vous\/benevoles\/#breadcrumb"},"inLanguage":"fr-FR","potentialAction":[{"@type":"ReadAction","target":["https:\/\/thelyrictheatre.ca\/fr\/impliquez-vous\/benevoles\/"]}]},{"@type":"ImageObject","inLanguage":"fr-FR","@id":"https:\/\/thelyrictheatre.ca\/fr\/impliquez-vous\/benevoles\/#primaryimage","url":"https:\/\/thelyrictheatre.ca\/wp-content\/uploads\/2019\/07\/volunteers-banner.jpg","contentUrl":"https:\/\/thelyrictheatre.ca\/wp-content\/uploads\/2019\/07\/volunteers-banner.jpg"},{"@type":"BreadcrumbList","@id":"https:\/\/thelyrictheatre.ca\/fr\/impliquez-vous\/benevoles\/#breadcrumb","itemListElement":[{"@type":"ListItem","position":1,"name":"Home","item":"https:\/\/thelyrictheatre.ca\/"},{"@type":"ListItem","position":2,"name":"Impliquez-vous","item":"https:\/\/thelyrictheatre.ca\/fr\/impliquez-vous\/"},{"@type":"ListItem","position":3,"name":"B\u00e9n\u00e9voles"}]},{"@type":"WebSite","@id":"https:\/\/thelyrictheatre.ca\/#website","url":"https:\/\/thelyrictheatre.ca\/","name":"The Lyric Theatre","description":"Une attraction incontournable de Montr\u00e9al pour les amoureux de th\u00e9\u00e2tre","publisher":{"@id":"https:\/\/thelyrictheatre.ca\/#organization"},"potentialAction":[{"@type":"SearchAction","target":{"@type":"EntryPoint","urlTemplate":"https:\/\/thelyrictheatre.ca\/?s={search_term_string}"},"query-input":{"@type":"PropertyValueSpecification","valueRequired":true,"valueName":"search_term_string"}}],"inLanguage":"fr-FR"},{"@type":"Organization","@id":"https:\/\/thelyrictheatre.ca\/#organization","name":"The Lyric Theatre","url":"https:\/\/thelyrictheatre.ca\/","logo":{"@type":"ImageObject","inLanguage":"fr-FR","@id":"https:\/\/thelyrictheatre.ca\/#\/schema\/logo\/image\/","url":"https:\/\/thelyrictheatre.ca\/wp-content\/uploads\/2019\/06\/lyric-theatre-logo-white.png","contentUrl":"https:\/\/thelyrictheatre.ca\/wp-content\/uploads\/2019\/06\/lyric-theatre-logo-white.png","width":576,"height":286,"caption":"The Lyric Theatre"},"image":{"@id":"https:\/\/thelyrictheatre.ca\/#\/schema\/logo\/image\/"},"sameAs":["https:\/\/www.facebook.com\/LyricTheatreMontreal?fref=ts","https:\/\/x.com\/lyrictheatremtl","https:\/\/www.youtube.com\/user\/LyricTheatreSingers"]}]}},"_links":{"self":[{"href":"https:\/\/thelyrictheatre.ca\/fr\/wp-json\/wp\/v2\/pages\/1256","targetHints":{"allow":["GET"]}}],"collection":[{"href":"https:\/\/thelyrictheatre.ca\/fr\/wp-json\/wp\/v2\/pages"}],"about":[{"href":"https:\/\/thelyrictheatre.ca\/fr\/wp-json\/wp\/v2\/types\/page"}],"author":[{"embeddable":true,"href":"https:\/\/thelyrictheatre.ca\/fr\/wp-json\/wp\/v2\/users\/1"}],"replies":[{"embeddable":true,"href":"https:\/\/thelyrictheatre.ca\/fr\/wp-json\/wp\/v2\/comments?post=1256"}],"version-history":[{"count":12,"href":"https:\/\/thelyrictheatre.ca\/fr\/wp-json\/wp\/v2\/pages\/1256\/revisions"}],"predecessor-version":[{"id":1935,"href":"https:\/\/thelyrictheatre.ca\/fr\/wp-json\/wp\/v2\/pages\/1256\/revisions\/1935"}],"up":[{"embeddable":true,"href":"https:\/\/thelyrictheatre.ca\/fr\/wp-json\/wp\/v2\/pages\/1253"}],"wp:attachment":[{"href":"https:\/\/thelyrictheatre.ca\/fr\/wp-json\/wp\/v2\/media?parent=1256"}],"curies":[{"name":"wp","href":"https:\/\/api.w.org\/{rel}","templated":true}]}}