{"id":1254,"date":"2019-09-19T20:01:50","date_gmt":"2019-09-20T00:01:50","guid":{"rendered":"https:\/\/thelyrictheatre.ca\/get-involved\/auditions\/"},"modified":"2022-08-19T21:15:45","modified_gmt":"2022-08-20T01:15:45","slug":"auditions","status":"publish","type":"page","link":"https:\/\/thelyrictheatre.ca\/fr\/impliquez-vous\/auditions\/","title":{"rendered":"Auditions"},"content":{"rendered":"\t\t<div data-elementor-type=\"wp-post\" data-elementor-id=\"1254\" class=\"elementor elementor-1254\">\n\t\t\t\t\t\t<section class=\"elementor-section elementor-top-section elementor-element elementor-element-b81860b elementor-section-full_width elementor-section-height-full elementor-section-height-default elementor-section-items-middle\" data-id=\"b81860b\" data-element_type=\"section\" data-e-type=\"section\" data-settings=\"{&quot;jet_parallax_layout_list&quot;:[{&quot;jet_parallax_layout_image&quot;:{&quot;url&quot;:&quot;&quot;,&quot;id&quot;:&quot;&quot;,&quot;size&quot;:&quot;&quot;},&quot;_id&quot;:&quot;8cc3b85&quot;,&quot;jet_parallax_layout_speed&quot;:{&quot;unit&quot;:&quot;%&quot;,&quot;size&quot;:50,&quot;sizes&quot;:[]},&quot;jet_parallax_layout_image_tablet&quot;:{&quot;url&quot;:&quot;&quot;,&quot;id&quot;:&quot;&quot;,&quot;size&quot;:&quot;&quot;},&quot;jet_parallax_layout_image_mobile&quot;:{&quot;url&quot;:&quot;&quot;,&quot;id&quot;:&quot;&quot;,&quot;size&quot;:&quot;&quot;},&quot;jet_parallax_layout_type&quot;:&quot;scroll&quot;,&quot;jet_parallax_layout_direction&quot;:&quot;1&quot;,&quot;jet_parallax_layout_fx_direction&quot;:null,&quot;jet_parallax_layout_z_index&quot;:&quot;&quot;,&quot;jet_parallax_layout_bg_x&quot;:50,&quot;jet_parallax_layout_bg_x_tablet&quot;:&quot;&quot;,&quot;jet_parallax_layout_bg_x_mobile&quot;:&quot;&quot;,&quot;jet_parallax_layout_bg_y&quot;:50,&quot;jet_parallax_layout_bg_y_tablet&quot;:&quot;&quot;,&quot;jet_parallax_layout_bg_y_mobile&quot;:&quot;&quot;,&quot;jet_parallax_layout_bg_size&quot;:&quot;auto&quot;,&quot;jet_parallax_layout_bg_size_tablet&quot;:&quot;&quot;,&quot;jet_parallax_layout_bg_size_mobile&quot;:&quot;&quot;,&quot;jet_parallax_layout_animation_prop&quot;:&quot;transform&quot;,&quot;jet_parallax_layout_on&quot;:[&quot;desktop&quot;,&quot;tablet&quot;]}]}\">\n\t\t\t\t\t\t<div class=\"elementor-container elementor-column-gap-no\">\n\t\t\t\t\t<div class=\"elementor-column elementor-col-100 elementor-top-column elementor-element elementor-element-1e3f5b8\" data-id=\"1e3f5b8\" data-element_type=\"column\" data-e-type=\"column\">\n\t\t\t<div class=\"elementor-widget-wrap elementor-element-populated\">\n\t\t\t\t\t\t<div class=\"elementor-element elementor-element-71a65cc elementor-widget elementor-widget-jet-slider\" data-id=\"71a65cc\" data-element_type=\"widget\" data-e-type=\"widget\" data-settings=\"{&quot;slider_height&quot;:{&quot;unit&quot;:&quot;vh&quot;,&quot;size&quot;:100,&quot;sizes&quot;:[]},&quot;slider_height_mobile&quot;:{&quot;unit&quot;:&quot;px&quot;,&quot;size&quot;:250,&quot;sizes&quot;:[]},&quot;slider_height_tablet&quot;:{&quot;unit&quot;:&quot;px&quot;,&quot;size&quot;:&quot;&quot;,&quot;sizes&quot;:[]}}\" data-widget_type=\"jet-slider.default\">\n\t\t\t\t<div class=\"elementor-widget-container\">\n\t\t\t\t\t<div class=\"elementor-jet-slider jet-elements\">\n<div class=\"jet-slider jet-slider__image-exact\" data-settings='{&quot;sliderWidth&quot;:1,&quot;sliderHeight&quot;:1,&quot;sliderNavigation&quot;:false,&quot;sliderNavigationIcon&quot;:&quot;jet-slider__arrow-icon-71a65cc&quot;,&quot;sliderNaviOnHover&quot;:true,&quot;sliderPagination&quot;:true,&quot;sliderAutoplay&quot;:true,&quot;sliderAutoplayDelay&quot;:10000,&quot;sliderAutoplayOnHover&quot;:&quot;pause&quot;,&quot;sliderFullScreen&quot;:false,&quot;sliderFullscreenIcon&quot;:&quot;jet-slider__fullscreen-icon-71a65cc&quot;,&quot;sliderShuffle&quot;:false,&quot;sliderLoop&quot;:false,&quot;sliderFadeMode&quot;:true,&quot;slideDistance&quot;:1,&quot;slideDuration&quot;:5000,&quot;imageScaleMode&quot;:&quot;exact&quot;,&quot;thumbnails&quot;:false,&quot;thumbnailWidth&quot;:120,&quot;thumbnailHeight&quot;:80,&quot;rightToLeft&quot;:false,&quot;touchswipe&quot;:true,&quot;fractionPag&quot;:false,&quot;fractionPrefix&quot;:&quot;&quot;,&quot;fractionSeparator&quot;:&quot;\\\/&quot;,&quot;fractionSuffix&quot;:&quot;&quot;,&quot;autoSliderHeight&quot;:false}'>\n\t\n<div  class=\"slider-pro\">\n\t<div class=\"jet-slider__arrow-icon-71a65cc hidden-html\"><\/div><div class=\"jet-slider__fullscreen-icon-71a65cc hidden-html\"><\/div>\t<div class=\"jet-slider__items sp-slides\">\n\n\n<div  class=\"jet-slider__item sp-slide elementor-repeater-item-a9e4e62\"><img decoding=\"async\" class=\"sp-image\" src=\"https:\/\/thelyrictheatre.ca\/wp-content\/uploads\/2019\/07\/auditions-01.jpg\" alt=\"auditions-01\" loading=\"lazy\"><div class=\"jet-slider__content sp-layer \" data-position=\"centerCenter\" data-width=\"100%\" data-height=\"100%\" data-horizontal=\"0%\" data-show-transition=\"up\" data-show-duration=\"400\" data-show-delay=\"400\" >\n\t\t<div class=\"jet-slider__content-item\">\n\t\t\t<div class=\"jet-slider__content-inner\"><h5 class=\"jet-slider__title\">Vous aimez chanter?<\/h5><h5 class=\"jet-slider__subtitle\">  <\/h5><div class=\"jet-slider__desc\">Vous adorez les airs de com\u00e9dies musicales Broadway? Vous voulez en apprendre plus sur le style tout en renfor\u00e7ant vos habilet\u00e9s vocales dans un environnement accueillant et amusant? Voici votre chance!<\/div> \n\n\t\t\t\t\t\t<div class=\"jet-slider__button-wrapper\">\t\t\t\t\t\t<\/div><\/div>\n\t\t<\/div>\n\t\t\t<\/div>\n<\/div>\n\n<\/div>\n<\/div>\n<\/div>\n<\/div>\t\t\t\t<\/div>\n\t\t\t\t<\/div>\n\t\t\t\t\t<\/div>\n\t\t<\/div>\n\t\t\t\t\t<\/div>\n\t\t<\/section>\n\t\t\t\t<section class=\"elementor-section elementor-top-section elementor-element elementor-element-ad93163 elementor-section-boxed elementor-section-height-default elementor-section-height-default\" data-id=\"ad93163\" data-element_type=\"section\" data-e-type=\"section\" data-settings=\"{&quot;jet_parallax_layout_list&quot;:[{&quot;jet_parallax_layout_image&quot;:{&quot;url&quot;:&quot;&quot;,&quot;id&quot;:&quot;&quot;,&quot;size&quot;:&quot;&quot;},&quot;_id&quot;:&quot;1b8da82&quot;,&quot;jet_parallax_layout_speed&quot;:{&quot;unit&quot;:&quot;%&quot;,&quot;size&quot;:50,&quot;sizes&quot;:[]},&quot;jet_parallax_layout_image_tablet&quot;:{&quot;url&quot;:&quot;&quot;,&quot;id&quot;:&quot;&quot;,&quot;size&quot;:&quot;&quot;},&quot;jet_parallax_layout_image_mobile&quot;:{&quot;url&quot;:&quot;&quot;,&quot;id&quot;:&quot;&quot;,&quot;size&quot;:&quot;&quot;},&quot;jet_parallax_layout_type&quot;:&quot;scroll&quot;,&quot;jet_parallax_layout_direction&quot;:&quot;1&quot;,&quot;jet_parallax_layout_fx_direction&quot;:null,&quot;jet_parallax_layout_z_index&quot;:&quot;&quot;,&quot;jet_parallax_layout_bg_x&quot;:50,&quot;jet_parallax_layout_bg_x_tablet&quot;:&quot;&quot;,&quot;jet_parallax_layout_bg_x_mobile&quot;:&quot;&quot;,&quot;jet_parallax_layout_bg_y&quot;:50,&quot;jet_parallax_layout_bg_y_tablet&quot;:&quot;&quot;,&quot;jet_parallax_layout_bg_y_mobile&quot;:&quot;&quot;,&quot;jet_parallax_layout_bg_size&quot;:&quot;auto&quot;,&quot;jet_parallax_layout_bg_size_tablet&quot;:&quot;&quot;,&quot;jet_parallax_layout_bg_size_mobile&quot;:&quot;&quot;,&quot;jet_parallax_layout_animation_prop&quot;:&quot;transform&quot;,&quot;jet_parallax_layout_on&quot;:[&quot;desktop&quot;,&quot;tablet&quot;]}]}\">\n\t\t\t\t\t\t<div class=\"elementor-container elementor-column-gap-default\">\n\t\t\t\t\t<div class=\"elementor-column elementor-col-50 elementor-top-column elementor-element elementor-element-691da67\" data-id=\"691da67\" data-element_type=\"column\" data-e-type=\"column\">\n\t\t\t<div class=\"elementor-widget-wrap elementor-element-populated\">\n\t\t\t\t\t\t<div class=\"elementor-element elementor-element-3e69516 elementor-widget elementor-widget-text-editor\" data-id=\"3e69516\" data-element_type=\"widget\" data-e-type=\"widget\" data-widget_type=\"text-editor.default\">\n\t\t\t\t<div class=\"elementor-widget-container\">\n\t\t\t\t\t\t\t\t\t<h5 style=\"text-align: left;\">Si l\u2019univers musical et th\u00e9\u00e2tral de Broadway vous donne envie de chanter et de vous d\u00e9passer au sein d\u2019un ensemble vocal qui se d\u00e9marque par son dynamisme d\u00e9bordant et contagieux, n\u2019h\u00e9sitez plus \u00e0 vous faire conna\u00eetre!<\/h5>\n<p style=\"text-align: left;\">Le directeur <strong>Bob Bachelor<\/strong> rencontre des candidats chaque ann\u00e9e au mois d\u2019ao\u00fbt et en janvier pour pr\u00e9parer nos deux spectacles annuels : No\u00ebl et Broadway. Remplissez le <a href=\"https:\/\/docs.google.com\/forms\/d\/1e9lOxFCG8Be015Bzt1zLvBtMR--CpoWZpZP-GI2PyA8\/edit\" target=\"_blank\" rel=\"noopener\"> formulaire<\/a> pour vous inscrire et nous prendrons contact avec vous lors des prochaines auditions.<\/p>\n<h3 style=\"font-size: 30px; text-align: left;\"><span style=\"color: #c68535;\">Quelques infos<\/span><\/h3>\n<p style=\"text-align: left;\">Nous recherchons des chanteurs avec une bonne pr\u00e9sence sur sc\u00e8ne. La lecture \u00e0 vue n\u2019est pas n\u00e9cessaire, mais constitue un atout. Tout ce dont vous avez besoin, c\u2019est une bonne oreille, une voix solide, la capacit\u00e9 de m\u00e9moriser votre musique, d\u2019\u00eatre pr\u00e9sent aux r\u00e9p\u00e9titions et concerts. Les r\u00e9p\u00e9titions bilingues ont lieu les lundis et quelques mercredis de 19 h 30 \u00e0 22 h \u00e0 Montr\u00e9al-Ouest, ainsi que certains dimanches apr\u00e8s-midi, sur le Plateau. Une cotisation annuelle est de 220$ est demand\u00e9e.<\/p>\n<h3 style=\"font-size: 30px; text-align: left;\"><span style=\"color: #c68535;\">Pour pr\u00e9parer votre audition\u2026<\/span><\/h3>\n<ul style=\"text-align: left;\">\n<li>Apportez votre partition dans la bonne tonalit\u00e9. Un pianiste sera disponible afin de vous accompagner, mais la transposition ne sera pas offerte. Aucune musique enregistr\u00e9e ne sera accept\u00e9e.<\/li>\n<li>Apportez une photo, ceci nous aidera \u00e0 nous rappeler de vous. (Le format de celle-ci n\u2019est pas important)<\/li>\n<li>Apportez votre CV artistique, d\u00e9crivant votre exp\u00e9rience de chant et participation dans une chorale(s) ou com\u00e9die(s) musicale(s).<\/li>\n<\/ul>\n<p style=\"text-align: left;\">Ne tardez pas, remplissez <a href=\"https:\/\/docs.google.com\/forms\/d\/1e9lOxFCG8Be015Bzt1zLvBtMR--CpoWZpZP-GI2PyA8\/edit\" target=\"_blank\" rel=\"noopener\">le formulaire<\/a> aujourd\u2019hui pour vous inscrire et nous prendrons contact avec vous lors des prochaines auditions.2<\/p>\t\t\t\t\t\t\t\t<\/div>\n\t\t\t\t<\/div>\n\t\t\t\t\t<\/div>\n\t\t<\/div>\n\t\t\t\t<div class=\"elementor-column elementor-col-50 elementor-top-column elementor-element elementor-element-eb143ae\" data-id=\"eb143ae\" data-element_type=\"column\" data-e-type=\"column\">\n\t\t\t<div class=\"elementor-widget-wrap elementor-element-populated\">\n\t\t\t\t\t\t<div class=\"elementor-element elementor-element-46a9ceb elementor-widget elementor-widget-image\" data-id=\"46a9ceb\" data-element_type=\"widget\" data-e-type=\"widget\" data-widget_type=\"image.default\">\n\t\t\t\t<div class=\"elementor-widget-container\">\n\t\t\t\t\t\t\t\t\t\t\t\t\t\t\t<img fetchpriority=\"high\" decoding=\"async\" width=\"850\" height=\"567\" src=\"https:\/\/thelyrictheatre.ca\/wp-content\/uploads\/2019\/07\/auditions-03.jpg\" class=\"attachment-large size-large wp-image-680\" alt=\"\" srcset=\"https:\/\/thelyrictheatre.ca\/wp-content\/uploads\/2019\/07\/auditions-03.jpg 850w, https:\/\/thelyrictheatre.ca\/wp-content\/uploads\/2019\/07\/auditions-03-300x200.jpg 300w, https:\/\/thelyrictheatre.ca\/wp-content\/uploads\/2019\/07\/auditions-03-768x512.jpg 768w\" sizes=\"(max-width: 850px) 100vw, 850px\" \/>\t\t\t\t\t\t\t\t\t\t\t\t\t\t\t<\/div>\n\t\t\t\t<\/div>\n\t\t\t\t<div class=\"elementor-element elementor-element-caf98f8 elementor-widget elementor-widget-text-editor\" data-id=\"caf98f8\" data-element_type=\"widget\" data-e-type=\"widget\" data-widget_type=\"text-editor.default\">\n\t\t\t\t<div class=\"elementor-widget-container\">\n\t\t\t\t\t\t\t\t\t<h3 style=\"font-size: 30px; text-align: left;\"><span style=\"color: #c68535;\">En attendant<\/span><\/h3><ul><li>Aimez notre page Facebook pour rester \u00e0 l\u2019affut des activit\u00e9s du Lyric <a href=\"https:\/\/www.facebook.com\/LyricTheatreMontreal\" target=\"_blank\" rel=\"noopener\">https:\/\/www.facebook.com\/LyricTheatreMontreal<\/a><\/li><li><a href=\"https:\/\/www.youtube.com\/watch?reload=9&amp;time_continue=1&amp;v=Y6NR6r3BsbU\" target=\"_blank\" rel=\"noopener\">Cliquez ici<\/a> pour \u00e9couter quelques chanteurs parler de leur exp\u00e9rience en tant que membre du Lyric.<\/li><li>Vous avez des questions? \u00c9crivez-nous\u00a0: <a href=\"mailto:lyrictheatreauditions@gmail.com\">lyrictheatreauditions@gmail.com<\/a><\/li><\/ul>\t\t\t\t\t\t\t\t<\/div>\n\t\t\t\t<\/div>\n\t\t\t\t\t<\/div>\n\t\t<\/div>\n\t\t\t\t\t<\/div>\n\t\t<\/section>\n\t\t\t\t<\/div>\n\t\t","protected":false},"excerpt":{"rendered":"<p>Vous aimez chanter? Vous adorez les airs de com\u00e9dies musicales Broadway? Vous voulez en apprendre plus sur le style tout en renfor\u00e7ant vos habilet\u00e9s vocales dans un environnement accueillant et amusant? Voici votre chance! Si l\u2019univers musical et th\u00e9\u00e2tral de Broadway vous donne envie de chanter et de vous d\u00e9passer au sein d\u2019un ensemble vocal [&hellip;]<\/p>\n","protected":false},"author":1,"featured_media":0,"parent":1253,"menu_order":0,"comment_status":"closed","ping_status":"closed","template":"full-width.php","meta":{"_acf_changed":false,"footnotes":""},"class_list":["post-1254","page","type-page","status-publish","hentry"],"acf":[],"yoast_head":"<!-- This site is optimized with the Yoast SEO plugin v27.2 - https:\/\/yoast.com\/product\/yoast-seo-wordpress\/ -->\n<title>Auditions<\/title>\n<meta name=\"robots\" content=\"index, follow, max-snippet:-1, max-image-preview:large, max-video-preview:-1\" \/>\n<link rel=\"canonical\" href=\"https:\/\/thelyrictheatre.ca\/get-involved\/auditions\/\" \/>\n<meta property=\"og:locale\" content=\"fr_FR\" \/>\n<meta property=\"og:type\" content=\"article\" \/>\n<meta property=\"og:title\" content=\"Auditions\" \/>\n<meta property=\"og:description\" content=\"Vous aimez chanter? Vous adorez les airs de com\u00e9dies musicales Broadway? Vous voulez en apprendre plus sur le style tout en renfor\u00e7ant vos habilet\u00e9s vocales dans un environnement accueillant et amusant? Voici votre chance! Si l\u2019univers musical et th\u00e9\u00e2tral de Broadway vous donne envie de chanter et de vous d\u00e9passer au sein d\u2019un ensemble vocal [&hellip;]\" \/>\n<meta property=\"og:url\" content=\"https:\/\/thelyrictheatre.ca\/get-involved\/auditions\/\" \/>\n<meta property=\"og:site_name\" content=\"The Lyric Theatre\" \/>\n<meta property=\"article:publisher\" content=\"https:\/\/www.facebook.com\/LyricTheatreMontreal?fref=ts\" \/>\n<meta property=\"article:modified_time\" content=\"2022-08-20T01:15:45+00:00\" \/>\n<meta property=\"og:image\" content=\"https:\/\/thelyrictheatre.ca\/wp-content\/uploads\/2019\/07\/auditions-01.jpg\" \/>\n<meta name=\"twitter:card\" content=\"summary_large_image\" \/>\n<meta name=\"twitter:site\" content=\"@lyrictheatremtl\" \/>\n<meta name=\"twitter:label1\" content=\"Dur\u00e9e de lecture estim\u00e9e\" \/>\n\t<meta name=\"twitter:data1\" content=\"3 minutes\" \/>\n<script type=\"application\/ld+json\" class=\"yoast-schema-graph\">{\"@context\":\"https:\/\/schema.org\",\"@graph\":[{\"@type\":\"WebPage\",\"@id\":\"https:\/\/thelyrictheatre.ca\/get-involved\/auditions\/\",\"url\":\"https:\/\/thelyrictheatre.ca\/get-involved\/auditions\/\",\"name\":\"Auditions\",\"isPartOf\":{\"@id\":\"https:\/\/thelyrictheatre.ca\/#website\"},\"primaryImageOfPage\":{\"@id\":\"https:\/\/thelyrictheatre.ca\/get-involved\/auditions\/#primaryimage\"},\"image\":{\"@id\":\"https:\/\/thelyrictheatre.ca\/get-involved\/auditions\/#primaryimage\"},\"thumbnailUrl\":\"https:\/\/thelyrictheatre.ca\/wp-content\/uploads\/2019\/07\/auditions-01.jpg\",\"datePublished\":\"2019-09-20T00:01:50+00:00\",\"dateModified\":\"2022-08-20T01:15:45+00:00\",\"breadcrumb\":{\"@id\":\"https:\/\/thelyrictheatre.ca\/get-involved\/auditions\/#breadcrumb\"},\"inLanguage\":\"fr-FR\",\"potentialAction\":[{\"@type\":\"ReadAction\",\"target\":[\"https:\/\/thelyrictheatre.ca\/get-involved\/auditions\/\"]}]},{\"@type\":\"ImageObject\",\"inLanguage\":\"fr-FR\",\"@id\":\"https:\/\/thelyrictheatre.ca\/get-involved\/auditions\/#primaryimage\",\"url\":\"https:\/\/thelyrictheatre.ca\/wp-content\/uploads\/2019\/07\/auditions-01.jpg\",\"contentUrl\":\"https:\/\/thelyrictheatre.ca\/wp-content\/uploads\/2019\/07\/auditions-01.jpg\"},{\"@type\":\"BreadcrumbList\",\"@id\":\"https:\/\/thelyrictheatre.ca\/get-involved\/auditions\/#breadcrumb\",\"itemListElement\":[{\"@type\":\"ListItem\",\"position\":1,\"name\":\"Home\",\"item\":\"https:\/\/thelyrictheatre.ca\/\"},{\"@type\":\"ListItem\",\"position\":2,\"name\":\"Impliquez-vous\",\"item\":\"https:\/\/thelyrictheatre.ca\/fr\/impliquez-vous\/\"},{\"@type\":\"ListItem\",\"position\":3,\"name\":\"Auditions\"}]},{\"@type\":\"WebSite\",\"@id\":\"https:\/\/thelyrictheatre.ca\/#website\",\"url\":\"https:\/\/thelyrictheatre.ca\/\",\"name\":\"The Lyric Theatre\",\"description\":\"Une attraction incontournable de Montr\u00e9al pour les amoureux de th\u00e9\u00e2tre\",\"publisher\":{\"@id\":\"https:\/\/thelyrictheatre.ca\/#organization\"},\"potentialAction\":[{\"@type\":\"SearchAction\",\"target\":{\"@type\":\"EntryPoint\",\"urlTemplate\":\"https:\/\/thelyrictheatre.ca\/?s={search_term_string}\"},\"query-input\":{\"@type\":\"PropertyValueSpecification\",\"valueRequired\":true,\"valueName\":\"search_term_string\"}}],\"inLanguage\":\"fr-FR\"},{\"@type\":\"Organization\",\"@id\":\"https:\/\/thelyrictheatre.ca\/#organization\",\"name\":\"The Lyric Theatre\",\"url\":\"https:\/\/thelyrictheatre.ca\/\",\"logo\":{\"@type\":\"ImageObject\",\"inLanguage\":\"fr-FR\",\"@id\":\"https:\/\/thelyrictheatre.ca\/#\/schema\/logo\/image\/\",\"url\":\"https:\/\/thelyrictheatre.ca\/wp-content\/uploads\/2019\/06\/lyric-theatre-logo-white.png\",\"contentUrl\":\"https:\/\/thelyrictheatre.ca\/wp-content\/uploads\/2019\/06\/lyric-theatre-logo-white.png\",\"width\":576,\"height\":286,\"caption\":\"The Lyric Theatre\"},\"image\":{\"@id\":\"https:\/\/thelyrictheatre.ca\/#\/schema\/logo\/image\/\"},\"sameAs\":[\"https:\/\/www.facebook.com\/LyricTheatreMontreal?fref=ts\",\"https:\/\/x.com\/lyrictheatremtl\",\"https:\/\/www.youtube.com\/user\/LyricTheatreSingers\"]}]}<\/script>\n<!-- \/ Yoast SEO plugin. -->","yoast_head_json":{"title":"Auditions","robots":{"index":"index","follow":"follow","max-snippet":"max-snippet:-1","max-image-preview":"max-image-preview:large","max-video-preview":"max-video-preview:-1"},"canonical":"https:\/\/thelyrictheatre.ca\/get-involved\/auditions\/","og_locale":"fr_FR","og_type":"article","og_title":"Auditions","og_description":"Vous aimez chanter? Vous adorez les airs de com\u00e9dies musicales Broadway? Vous voulez en apprendre plus sur le style tout en renfor\u00e7ant vos habilet\u00e9s vocales dans un environnement accueillant et amusant? Voici votre chance! Si l\u2019univers musical et th\u00e9\u00e2tral de Broadway vous donne envie de chanter et de vous d\u00e9passer au sein d\u2019un ensemble vocal [&hellip;]","og_url":"https:\/\/thelyrictheatre.ca\/get-involved\/auditions\/","og_site_name":"The Lyric Theatre","article_publisher":"https:\/\/www.facebook.com\/LyricTheatreMontreal?fref=ts","article_modified_time":"2022-08-20T01:15:45+00:00","og_image":[{"url":"https:\/\/thelyrictheatre.ca\/wp-content\/uploads\/2019\/07\/auditions-01.jpg","type":"","width":"","height":""}],"twitter_card":"summary_large_image","twitter_site":"@lyrictheatremtl","twitter_misc":{"Dur\u00e9e de lecture estim\u00e9e":"3 minutes"},"schema":{"@context":"https:\/\/schema.org","@graph":[{"@type":"WebPage","@id":"https:\/\/thelyrictheatre.ca\/get-involved\/auditions\/","url":"https:\/\/thelyrictheatre.ca\/get-involved\/auditions\/","name":"Auditions","isPartOf":{"@id":"https:\/\/thelyrictheatre.ca\/#website"},"primaryImageOfPage":{"@id":"https:\/\/thelyrictheatre.ca\/get-involved\/auditions\/#primaryimage"},"image":{"@id":"https:\/\/thelyrictheatre.ca\/get-involved\/auditions\/#primaryimage"},"thumbnailUrl":"https:\/\/thelyrictheatre.ca\/wp-content\/uploads\/2019\/07\/auditions-01.jpg","datePublished":"2019-09-20T00:01:50+00:00","dateModified":"2022-08-20T01:15:45+00:00","breadcrumb":{"@id":"https:\/\/thelyrictheatre.ca\/get-involved\/auditions\/#breadcrumb"},"inLanguage":"fr-FR","potentialAction":[{"@type":"ReadAction","target":["https:\/\/thelyrictheatre.ca\/get-involved\/auditions\/"]}]},{"@type":"ImageObject","inLanguage":"fr-FR","@id":"https:\/\/thelyrictheatre.ca\/get-involved\/auditions\/#primaryimage","url":"https:\/\/thelyrictheatre.ca\/wp-content\/uploads\/2019\/07\/auditions-01.jpg","contentUrl":"https:\/\/thelyrictheatre.ca\/wp-content\/uploads\/2019\/07\/auditions-01.jpg"},{"@type":"BreadcrumbList","@id":"https:\/\/thelyrictheatre.ca\/get-involved\/auditions\/#breadcrumb","itemListElement":[{"@type":"ListItem","position":1,"name":"Home","item":"https:\/\/thelyrictheatre.ca\/"},{"@type":"ListItem","position":2,"name":"Impliquez-vous","item":"https:\/\/thelyrictheatre.ca\/fr\/impliquez-vous\/"},{"@type":"ListItem","position":3,"name":"Auditions"}]},{"@type":"WebSite","@id":"https:\/\/thelyrictheatre.ca\/#website","url":"https:\/\/thelyrictheatre.ca\/","name":"The Lyric Theatre","description":"Une attraction incontournable de Montr\u00e9al pour les amoureux de th\u00e9\u00e2tre","publisher":{"@id":"https:\/\/thelyrictheatre.ca\/#organization"},"potentialAction":[{"@type":"SearchAction","target":{"@type":"EntryPoint","urlTemplate":"https:\/\/thelyrictheatre.ca\/?s={search_term_string}"},"query-input":{"@type":"PropertyValueSpecification","valueRequired":true,"valueName":"search_term_string"}}],"inLanguage":"fr-FR"},{"@type":"Organization","@id":"https:\/\/thelyrictheatre.ca\/#organization","name":"The Lyric Theatre","url":"https:\/\/thelyrictheatre.ca\/","logo":{"@type":"ImageObject","inLanguage":"fr-FR","@id":"https:\/\/thelyrictheatre.ca\/#\/schema\/logo\/image\/","url":"https:\/\/thelyrictheatre.ca\/wp-content\/uploads\/2019\/06\/lyric-theatre-logo-white.png","contentUrl":"https:\/\/thelyrictheatre.ca\/wp-content\/uploads\/2019\/06\/lyric-theatre-logo-white.png","width":576,"height":286,"caption":"The Lyric Theatre"},"image":{"@id":"https:\/\/thelyrictheatre.ca\/#\/schema\/logo\/image\/"},"sameAs":["https:\/\/www.facebook.com\/LyricTheatreMontreal?fref=ts","https:\/\/x.com\/lyrictheatremtl","https:\/\/www.youtube.com\/user\/LyricTheatreSingers"]}]}},"_links":{"self":[{"href":"https:\/\/thelyrictheatre.ca\/fr\/wp-json\/wp\/v2\/pages\/1254","targetHints":{"allow":["GET"]}}],"collection":[{"href":"https:\/\/thelyrictheatre.ca\/fr\/wp-json\/wp\/v2\/pages"}],"about":[{"href":"https:\/\/thelyrictheatre.ca\/fr\/wp-json\/wp\/v2\/types\/page"}],"author":[{"embeddable":true,"href":"https:\/\/thelyrictheatre.ca\/fr\/wp-json\/wp\/v2\/users\/1"}],"replies":[{"embeddable":true,"href":"https:\/\/thelyrictheatre.ca\/fr\/wp-json\/wp\/v2\/comments?post=1254"}],"version-history":[{"count":19,"href":"https:\/\/thelyrictheatre.ca\/fr\/wp-json\/wp\/v2\/pages\/1254\/revisions"}],"predecessor-version":[{"id":2180,"href":"https:\/\/thelyrictheatre.ca\/fr\/wp-json\/wp\/v2\/pages\/1254\/revisions\/2180"}],"up":[{"embeddable":true,"href":"https:\/\/thelyrictheatre.ca\/fr\/wp-json\/wp\/v2\/pages\/1253"}],"wp:attachment":[{"href":"https:\/\/thelyrictheatre.ca\/fr\/wp-json\/wp\/v2\/media?parent=1254"}],"curies":[{"name":"wp","href":"https:\/\/api.w.org\/{rel}","templated":true}]}}