{"id":1247,"date":"2019-09-19T20:00:45","date_gmt":"2019-09-20T00:00:45","guid":{"rendered":"https:\/\/thelyrictheatre.ca\/a-propos\/our-performers\/"},"modified":"2026-03-18T16:17:02","modified_gmt":"2026-03-18T20:17:02","slug":"nos-artistes","status":"publish","type":"page","link":"https:\/\/thelyrictheatre.ca\/fr\/a-propos\/nos-artistes\/","title":{"rendered":"Nos artistes"},"content":{"rendered":"\t\t<div data-elementor-type=\"wp-post\" data-elementor-id=\"1247\" class=\"elementor elementor-1247\">\n\t\t\t\t\t\t<section class=\"elementor-section elementor-top-section elementor-element elementor-element-b81860b elementor-section-full_width elementor-section-height-full elementor-section-height-default elementor-section-items-middle\" data-id=\"b81860b\" data-element_type=\"section\" data-e-type=\"section\" data-settings=\"{&quot;jet_parallax_layout_list&quot;:[{&quot;jet_parallax_layout_image&quot;:{&quot;url&quot;:&quot;&quot;,&quot;id&quot;:&quot;&quot;,&quot;size&quot;:&quot;&quot;},&quot;_id&quot;:&quot;8cc3b85&quot;,&quot;jet_parallax_layout_speed&quot;:{&quot;unit&quot;:&quot;%&quot;,&quot;size&quot;:50,&quot;sizes&quot;:[]},&quot;jet_parallax_layout_image_tablet&quot;:{&quot;url&quot;:&quot;&quot;,&quot;id&quot;:&quot;&quot;,&quot;size&quot;:&quot;&quot;},&quot;jet_parallax_layout_image_mobile&quot;:{&quot;url&quot;:&quot;&quot;,&quot;id&quot;:&quot;&quot;,&quot;size&quot;:&quot;&quot;},&quot;jet_parallax_layout_type&quot;:&quot;scroll&quot;,&quot;jet_parallax_layout_direction&quot;:&quot;1&quot;,&quot;jet_parallax_layout_fx_direction&quot;:null,&quot;jet_parallax_layout_z_index&quot;:&quot;&quot;,&quot;jet_parallax_layout_bg_x&quot;:50,&quot;jet_parallax_layout_bg_x_tablet&quot;:&quot;&quot;,&quot;jet_parallax_layout_bg_x_mobile&quot;:&quot;&quot;,&quot;jet_parallax_layout_bg_y&quot;:50,&quot;jet_parallax_layout_bg_y_tablet&quot;:&quot;&quot;,&quot;jet_parallax_layout_bg_y_mobile&quot;:&quot;&quot;,&quot;jet_parallax_layout_bg_size&quot;:&quot;auto&quot;,&quot;jet_parallax_layout_bg_size_tablet&quot;:&quot;&quot;,&quot;jet_parallax_layout_bg_size_mobile&quot;:&quot;&quot;,&quot;jet_parallax_layout_animation_prop&quot;:&quot;transform&quot;,&quot;jet_parallax_layout_on&quot;:[&quot;desktop&quot;,&quot;tablet&quot;]}]}\">\n\t\t\t\t\t\t<div class=\"elementor-container elementor-column-gap-no\">\n\t\t\t\t\t<div class=\"elementor-column elementor-col-100 elementor-top-column elementor-element elementor-element-1e3f5b8\" data-id=\"1e3f5b8\" data-element_type=\"column\" data-e-type=\"column\">\n\t\t\t<div class=\"elementor-widget-wrap elementor-element-populated\">\n\t\t\t\t\t\t<div class=\"elementor-element elementor-element-71a65cc elementor-widget elementor-widget-jet-slider\" data-id=\"71a65cc\" data-element_type=\"widget\" data-e-type=\"widget\" data-settings=\"{&quot;slider_height&quot;:{&quot;unit&quot;:&quot;vh&quot;,&quot;size&quot;:100,&quot;sizes&quot;:[]},&quot;slider_height_mobile&quot;:{&quot;unit&quot;:&quot;px&quot;,&quot;size&quot;:250,&quot;sizes&quot;:[]},&quot;slider_height_tablet&quot;:{&quot;unit&quot;:&quot;px&quot;,&quot;size&quot;:&quot;&quot;,&quot;sizes&quot;:[]}}\" data-widget_type=\"jet-slider.default\">\n\t\t\t\t<div class=\"elementor-widget-container\">\n\t\t\t\t\t<div class=\"elementor-jet-slider jet-elements\">\n<div class=\"jet-slider jet-slider__image-exact\" data-settings='{&quot;sliderWidth&quot;:1,&quot;sliderHeight&quot;:1,&quot;sliderNavigation&quot;:false,&quot;sliderNavigationIcon&quot;:&quot;jet-slider__arrow-icon-71a65cc&quot;,&quot;sliderNaviOnHover&quot;:true,&quot;sliderPagination&quot;:true,&quot;sliderAutoplay&quot;:true,&quot;sliderAutoplayDelay&quot;:10000,&quot;sliderAutoplayOnHover&quot;:&quot;pause&quot;,&quot;sliderFullScreen&quot;:false,&quot;sliderFullscreenIcon&quot;:&quot;jet-slider__fullscreen-icon-71a65cc&quot;,&quot;sliderShuffle&quot;:false,&quot;sliderLoop&quot;:false,&quot;sliderFadeMode&quot;:true,&quot;slideDistance&quot;:1,&quot;slideDuration&quot;:5000,&quot;imageScaleMode&quot;:&quot;exact&quot;,&quot;thumbnails&quot;:false,&quot;thumbnailWidth&quot;:120,&quot;thumbnailHeight&quot;:80,&quot;rightToLeft&quot;:false,&quot;touchswipe&quot;:true,&quot;fractionPag&quot;:false,&quot;fractionPrefix&quot;:&quot;&quot;,&quot;fractionSeparator&quot;:&quot;\\\/&quot;,&quot;fractionSuffix&quot;:&quot;&quot;,&quot;autoSliderHeight&quot;:false}'>\n\t\n<div  class=\"slider-pro\">\n\t<div class=\"jet-slider__arrow-icon-71a65cc hidden-html\"><\/div><div class=\"jet-slider__fullscreen-icon-71a65cc hidden-html\"><\/div>\t<div class=\"jet-slider__items sp-slides\">\n\n\n<div  class=\"jet-slider__item sp-slide elementor-repeater-item-a9e4e62\"><img decoding=\"async\" class=\"sp-image\" src=\"https:\/\/thelyrictheatre.ca\/wp-content\/uploads\/2025\/04\/banner-performers.jpg\" alt=\"banner-performers\" loading=\"lazy\"><div class=\"jet-slider__content sp-layer \" data-position=\"centerCenter\" data-width=\"100%\" data-height=\"100%\" data-horizontal=\"0%\" data-show-transition=\"up\" data-show-duration=\"400\" data-show-delay=\"400\" >\n\t\t<div class=\"jet-slider__content-item\">\n\t\t\t<div class=\"jet-slider__content-inner\"><h5 class=\"jet-slider__title\">Nos artistes<\/h5><h5 class=\"jet-slider__subtitle\">  <\/h5> \n\n\t\t\t\t\t\t<div class=\"jet-slider__button-wrapper\">\t\t\t\t\t\t<\/div><\/div>\n\t\t<\/div>\n\t\t\t<\/div>\n<\/div>\n\n<\/div>\n<\/div>\n<\/div>\n<\/div>\t\t\t\t<\/div>\n\t\t\t\t<\/div>\n\t\t\t\t\t<\/div>\n\t\t<\/div>\n\t\t\t\t\t<\/div>\n\t\t<\/section>\n\t\t\t\t<section class=\"elementor-section elementor-top-section elementor-element elementor-element-fa397d5 elementor-section-boxed elementor-section-height-default elementor-section-height-default\" data-id=\"fa397d5\" data-element_type=\"section\" data-e-type=\"section\" data-settings=\"{&quot;jet_parallax_layout_list&quot;:[{&quot;jet_parallax_layout_image&quot;:{&quot;url&quot;:&quot;&quot;,&quot;id&quot;:&quot;&quot;,&quot;size&quot;:&quot;&quot;},&quot;_id&quot;:&quot;1b8da82&quot;,&quot;jet_parallax_layout_speed&quot;:{&quot;unit&quot;:&quot;%&quot;,&quot;size&quot;:50,&quot;sizes&quot;:[]},&quot;jet_parallax_layout_image_tablet&quot;:{&quot;url&quot;:&quot;&quot;,&quot;id&quot;:&quot;&quot;,&quot;size&quot;:&quot;&quot;},&quot;jet_parallax_layout_image_mobile&quot;:{&quot;url&quot;:&quot;&quot;,&quot;id&quot;:&quot;&quot;,&quot;size&quot;:&quot;&quot;},&quot;jet_parallax_layout_type&quot;:&quot;scroll&quot;,&quot;jet_parallax_layout_direction&quot;:&quot;1&quot;,&quot;jet_parallax_layout_fx_direction&quot;:null,&quot;jet_parallax_layout_z_index&quot;:&quot;&quot;,&quot;jet_parallax_layout_bg_x&quot;:50,&quot;jet_parallax_layout_bg_x_tablet&quot;:&quot;&quot;,&quot;jet_parallax_layout_bg_x_mobile&quot;:&quot;&quot;,&quot;jet_parallax_layout_bg_y&quot;:50,&quot;jet_parallax_layout_bg_y_tablet&quot;:&quot;&quot;,&quot;jet_parallax_layout_bg_y_mobile&quot;:&quot;&quot;,&quot;jet_parallax_layout_bg_size&quot;:&quot;auto&quot;,&quot;jet_parallax_layout_bg_size_tablet&quot;:&quot;&quot;,&quot;jet_parallax_layout_bg_size_mobile&quot;:&quot;&quot;,&quot;jet_parallax_layout_animation_prop&quot;:&quot;transform&quot;,&quot;jet_parallax_layout_on&quot;:[&quot;desktop&quot;,&quot;tablet&quot;]}]}\">\n\t\t\t\t\t\t<div class=\"elementor-container elementor-column-gap-default\">\n\t\t\t\t\t<div class=\"elementor-column elementor-col-33 elementor-top-column elementor-element elementor-element-2d81006\" data-id=\"2d81006\" data-element_type=\"column\" data-e-type=\"column\">\n\t\t\t<div class=\"elementor-widget-wrap elementor-element-populated\">\n\t\t\t\t\t\t<div class=\"elementor-element elementor-element-a75bb6e elementor-widget elementor-widget-text-editor\" data-id=\"a75bb6e\" data-element_type=\"widget\" data-e-type=\"widget\" data-widget_type=\"text-editor.default\">\n\t\t\t\t<div class=\"elementor-widget-container\">\n\t\t\t\t\t\t\t\t\t<h3 style=\"font-size: 30px; text-align: left;\"><span style=\"color: #c68535;\">Soprano 1<\/span><\/h3><p style=\"text-align: left;\">Nathalie Beaudoin<br \/>Muriel Bernard Browman<br \/>Claudia Carino<br \/>Katherine Fournier<br \/>Lindsey Hawley<br \/>Laurie-Anne Jean-Baptiste<br \/>Gillian Johnston<br \/>Sophie Protopoulos<br \/>Elaine Salvail<\/p><h3 style=\"font-size: 30px; text-align: left;\"><span style=\"color: #c68535;\">Soprano 2<\/span><\/h3><p style=\"text-align: left;\">Maia Aziz<br \/>Genevi\u00e8ve Blanchette<br \/>Allison Brown<br \/>Fr\u00e9d\u00e9rique Gagnier<br \/>Karine Philippot<\/p><h3 style=\"font-size: 30px; text-align: left;\"><span style=\"color: #c68535;\">Alto 1<\/span><\/h3><p style=\"text-align: left;\">H\u00e9l\u00e8ne Charbonneau<br \/>Stacey Lavender<br \/>Shauna Reimer<br \/>Laurence St-Denis<br \/>Hailey Pelland<\/p>\t\t\t\t\t\t\t\t<\/div>\n\t\t\t\t<\/div>\n\t\t\t\t\t<\/div>\n\t\t<\/div>\n\t\t\t\t<div class=\"elementor-column elementor-col-33 elementor-top-column elementor-element elementor-element-4583339\" data-id=\"4583339\" data-element_type=\"column\" data-e-type=\"column\">\n\t\t\t<div class=\"elementor-widget-wrap elementor-element-populated\">\n\t\t\t\t\t\t<div class=\"elementor-element elementor-element-bf3df2b elementor-widget elementor-widget-text-editor\" data-id=\"bf3df2b\" data-element_type=\"widget\" data-e-type=\"widget\" data-widget_type=\"text-editor.default\">\n\t\t\t\t<div class=\"elementor-widget-container\">\n\t\t\t\t\t\t\t\t\t<h3 style=\"font-size: 30px; text-align: left;\"><span style=\"color: #c68535;\">Alto 2<\/span><\/h3><p style=\"text-align: left;\">Gloria Aronoff<br \/>Yamila Scarone Azzi<br \/>Monique Boucher<br \/>Jen Itong<br \/>Samantha Leriche-Gionet<br \/>Beth Mount<\/p><h3 style=\"color: #0c0c0c; font-size: 30px; text-align: left;\"><span style=\"color: #c68535;\">T\u00e9nor <\/span><span style=\"color: #c68535;\">1<\/span><\/h3><p style=\"text-align: left;\">Eric Bolduc<br \/>Richard Kallos<br \/>Daniel Morais<br \/>Kingsley Sherwood<\/p><h3 style=\"color: #0c0c0c; font-size: 30px; text-align: left;\"><span style=\"color: #c68535;\">T\u00e9nor <\/span><span style=\"color: #c68535;\"> 2<\/span><\/h3><p style=\"text-align: left;\">Brad Cameron<br \/>Serge Danis<br \/>Robert Pilon<\/p>\t\t\t\t\t\t\t\t<\/div>\n\t\t\t\t<\/div>\n\t\t\t\t\t<\/div>\n\t\t<\/div>\n\t\t\t\t<div class=\"elementor-column elementor-col-33 elementor-top-column elementor-element elementor-element-347d519\" data-id=\"347d519\" data-element_type=\"column\" data-e-type=\"column\">\n\t\t\t<div class=\"elementor-widget-wrap elementor-element-populated\">\n\t\t\t\t\t\t<div class=\"elementor-element elementor-element-0bd5050 elementor-widget elementor-widget-text-editor\" data-id=\"0bd5050\" data-element_type=\"widget\" data-e-type=\"widget\" data-widget_type=\"text-editor.default\">\n\t\t\t\t<div class=\"elementor-widget-container\">\n\t\t\t\t\t\t\t\t\t<h3 style=\"color: #0c0c0c; font-size: 30px; text-align: left;\"><span style=\"color: #c68535;\">Baryton<\/span><\/h3><p style=\"text-align: left;\">Shawn Coverini<br \/>Jonathan Courville-Vaive<br \/>Kai Werth<br \/>Zihan Zuo<\/p><h3 style=\"font-size: 30px; text-align: left;\"><span style=\"color: #c68535;\">Basse<\/span><\/h3><p style=\"text-align: left;\">Sean Bucholz<br \/>Jason Ferris<br \/>Jean-Philippe B. Leclair<\/p>\t\t\t\t\t\t\t\t<\/div>\n\t\t\t\t<\/div>\n\t\t\t\t\t<\/div>\n\t\t<\/div>\n\t\t\t\t\t<\/div>\n\t\t<\/section>\n\t\t\t\t<\/div>\n\t\t","protected":false},"excerpt":{"rendered":"<p>Nos artistes Soprano 1 Nathalie BeaudoinMuriel Bernard BrowmanClaudia CarinoKatherine FournierLindsey HawleyLaurie-Anne Jean-BaptisteGillian JohnstonSophie ProtopoulosElaine Salvail Soprano 2 Maia AzizGenevi\u00e8ve BlanchetteAllison BrownFr\u00e9d\u00e9rique GagnierKarine Philippot Alto 1 H\u00e9l\u00e8ne CharbonneauStacey LavenderShauna ReimerLaurence St-DenisHailey Pelland Alto 2 Gloria AronoffYamila Scarone AzziMonique BoucherJen ItongSamantha Leriche-GionetBeth Mount T\u00e9nor 1 Eric BolducRichard KallosDaniel MoraisKingsley Sherwood T\u00e9nor 2 Brad CameronSerge DanisRobert Pilon Baryton [&hellip;]<\/p>\n","protected":false},"author":1,"featured_media":0,"parent":1219,"menu_order":0,"comment_status":"closed","ping_status":"closed","template":"full-width.php","meta":{"_acf_changed":false,"footnotes":""},"class_list":["post-1247","page","type-page","status-publish","hentry"],"acf":[],"yoast_head":"<!-- This site is optimized with the Yoast SEO plugin v27.2 - https:\/\/yoast.com\/product\/yoast-seo-wordpress\/ -->\n<title>Nos artistes<\/title>\n<meta name=\"robots\" content=\"index, follow, max-snippet:-1, max-image-preview:large, max-video-preview:-1\" \/>\n<link rel=\"canonical\" href=\"https:\/\/thelyrictheatre.ca\/about\/our-performers\/\" \/>\n<meta property=\"og:locale\" content=\"fr_FR\" \/>\n<meta property=\"og:type\" content=\"article\" \/>\n<meta property=\"og:title\" content=\"Nos artistes\" \/>\n<meta property=\"og:description\" content=\"Nos artistes Soprano 1 Nathalie BeaudoinMuriel Bernard BrowmanClaudia CarinoKatherine FournierLindsey HawleyLaurie-Anne Jean-BaptisteGillian JohnstonSophie ProtopoulosElaine Salvail Soprano 2 Maia AzizGenevi\u00e8ve BlanchetteAllison BrownFr\u00e9d\u00e9rique GagnierKarine Philippot Alto 1 H\u00e9l\u00e8ne CharbonneauStacey LavenderShauna ReimerLaurence St-DenisHailey Pelland Alto 2 Gloria AronoffYamila Scarone AzziMonique BoucherJen ItongSamantha Leriche-GionetBeth Mount T\u00e9nor 1 Eric BolducRichard KallosDaniel MoraisKingsley Sherwood T\u00e9nor 2 Brad CameronSerge DanisRobert Pilon Baryton [&hellip;]\" \/>\n<meta property=\"og:url\" content=\"https:\/\/thelyrictheatre.ca\/about\/our-performers\/\" \/>\n<meta property=\"og:site_name\" content=\"The Lyric Theatre\" \/>\n<meta property=\"article:publisher\" content=\"https:\/\/www.facebook.com\/LyricTheatreMontreal?fref=ts\" \/>\n<meta property=\"article:modified_time\" content=\"2026-03-18T20:17:02+00:00\" \/>\n<meta property=\"og:image\" content=\"https:\/\/thelyrictheatre.ca\/wp-content\/uploads\/2025\/04\/banner-performers.jpg\" \/>\n<meta name=\"twitter:card\" content=\"summary_large_image\" \/>\n<meta name=\"twitter:site\" content=\"@lyrictheatremtl\" \/>\n<meta name=\"twitter:label1\" content=\"Dur\u00e9e de lecture estim\u00e9e\" \/>\n\t<meta name=\"twitter:data1\" content=\"1 minute\" \/>\n<script type=\"application\/ld+json\" class=\"yoast-schema-graph\">{\"@context\":\"https:\/\/schema.org\",\"@graph\":[{\"@type\":\"WebPage\",\"@id\":\"https:\/\/thelyrictheatre.ca\/about\/our-performers\/\",\"url\":\"https:\/\/thelyrictheatre.ca\/about\/our-performers\/\",\"name\":\"Nos artistes\",\"isPartOf\":{\"@id\":\"https:\/\/thelyrictheatre.ca\/#website\"},\"primaryImageOfPage\":{\"@id\":\"https:\/\/thelyrictheatre.ca\/about\/our-performers\/#primaryimage\"},\"image\":{\"@id\":\"https:\/\/thelyrictheatre.ca\/about\/our-performers\/#primaryimage\"},\"thumbnailUrl\":\"https:\/\/thelyrictheatre.ca\/wp-content\/uploads\/2025\/04\/banner-performers.jpg\",\"datePublished\":\"2019-09-20T00:00:45+00:00\",\"dateModified\":\"2026-03-18T20:17:02+00:00\",\"breadcrumb\":{\"@id\":\"https:\/\/thelyrictheatre.ca\/about\/our-performers\/#breadcrumb\"},\"inLanguage\":\"fr-FR\",\"potentialAction\":[{\"@type\":\"ReadAction\",\"target\":[\"https:\/\/thelyrictheatre.ca\/about\/our-performers\/\"]}]},{\"@type\":\"ImageObject\",\"inLanguage\":\"fr-FR\",\"@id\":\"https:\/\/thelyrictheatre.ca\/about\/our-performers\/#primaryimage\",\"url\":\"https:\/\/thelyrictheatre.ca\/wp-content\/uploads\/2025\/04\/banner-performers.jpg\",\"contentUrl\":\"https:\/\/thelyrictheatre.ca\/wp-content\/uploads\/2025\/04\/banner-performers.jpg\"},{\"@type\":\"BreadcrumbList\",\"@id\":\"https:\/\/thelyrictheatre.ca\/about\/our-performers\/#breadcrumb\",\"itemListElement\":[{\"@type\":\"ListItem\",\"position\":1,\"name\":\"Home\",\"item\":\"https:\/\/thelyrictheatre.ca\/\"},{\"@type\":\"ListItem\",\"position\":2,\"name\":\"\u00c0 propos\",\"item\":\"https:\/\/thelyrictheatre.ca\/about\/\"},{\"@type\":\"ListItem\",\"position\":3,\"name\":\"Nos artistes\"}]},{\"@type\":\"WebSite\",\"@id\":\"https:\/\/thelyrictheatre.ca\/#website\",\"url\":\"https:\/\/thelyrictheatre.ca\/\",\"name\":\"The Lyric Theatre\",\"description\":\"Une attraction incontournable de Montr\u00e9al pour les amoureux de th\u00e9\u00e2tre\",\"publisher\":{\"@id\":\"https:\/\/thelyrictheatre.ca\/#organization\"},\"potentialAction\":[{\"@type\":\"SearchAction\",\"target\":{\"@type\":\"EntryPoint\",\"urlTemplate\":\"https:\/\/thelyrictheatre.ca\/?s={search_term_string}\"},\"query-input\":{\"@type\":\"PropertyValueSpecification\",\"valueRequired\":true,\"valueName\":\"search_term_string\"}}],\"inLanguage\":\"fr-FR\"},{\"@type\":\"Organization\",\"@id\":\"https:\/\/thelyrictheatre.ca\/#organization\",\"name\":\"The Lyric Theatre\",\"url\":\"https:\/\/thelyrictheatre.ca\/\",\"logo\":{\"@type\":\"ImageObject\",\"inLanguage\":\"fr-FR\",\"@id\":\"https:\/\/thelyrictheatre.ca\/#\/schema\/logo\/image\/\",\"url\":\"https:\/\/thelyrictheatre.ca\/wp-content\/uploads\/2019\/06\/lyric-theatre-logo-white.png\",\"contentUrl\":\"https:\/\/thelyrictheatre.ca\/wp-content\/uploads\/2019\/06\/lyric-theatre-logo-white.png\",\"width\":576,\"height\":286,\"caption\":\"The Lyric Theatre\"},\"image\":{\"@id\":\"https:\/\/thelyrictheatre.ca\/#\/schema\/logo\/image\/\"},\"sameAs\":[\"https:\/\/www.facebook.com\/LyricTheatreMontreal?fref=ts\",\"https:\/\/x.com\/lyrictheatremtl\",\"https:\/\/www.youtube.com\/user\/LyricTheatreSingers\"]}]}<\/script>\n<!-- \/ Yoast SEO plugin. -->","yoast_head_json":{"title":"Nos artistes","robots":{"index":"index","follow":"follow","max-snippet":"max-snippet:-1","max-image-preview":"max-image-preview:large","max-video-preview":"max-video-preview:-1"},"canonical":"https:\/\/thelyrictheatre.ca\/about\/our-performers\/","og_locale":"fr_FR","og_type":"article","og_title":"Nos artistes","og_description":"Nos artistes Soprano 1 Nathalie BeaudoinMuriel Bernard BrowmanClaudia CarinoKatherine FournierLindsey HawleyLaurie-Anne Jean-BaptisteGillian JohnstonSophie ProtopoulosElaine Salvail Soprano 2 Maia AzizGenevi\u00e8ve BlanchetteAllison BrownFr\u00e9d\u00e9rique GagnierKarine Philippot Alto 1 H\u00e9l\u00e8ne CharbonneauStacey LavenderShauna ReimerLaurence St-DenisHailey Pelland Alto 2 Gloria AronoffYamila Scarone AzziMonique BoucherJen ItongSamantha Leriche-GionetBeth Mount T\u00e9nor 1 Eric BolducRichard KallosDaniel MoraisKingsley Sherwood T\u00e9nor 2 Brad CameronSerge DanisRobert Pilon Baryton [&hellip;]","og_url":"https:\/\/thelyrictheatre.ca\/about\/our-performers\/","og_site_name":"The Lyric Theatre","article_publisher":"https:\/\/www.facebook.com\/LyricTheatreMontreal?fref=ts","article_modified_time":"2026-03-18T20:17:02+00:00","og_image":[{"url":"https:\/\/thelyrictheatre.ca\/wp-content\/uploads\/2025\/04\/banner-performers.jpg","type":"","width":"","height":""}],"twitter_card":"summary_large_image","twitter_site":"@lyrictheatremtl","twitter_misc":{"Dur\u00e9e de lecture estim\u00e9e":"1 minute"},"schema":{"@context":"https:\/\/schema.org","@graph":[{"@type":"WebPage","@id":"https:\/\/thelyrictheatre.ca\/about\/our-performers\/","url":"https:\/\/thelyrictheatre.ca\/about\/our-performers\/","name":"Nos artistes","isPartOf":{"@id":"https:\/\/thelyrictheatre.ca\/#website"},"primaryImageOfPage":{"@id":"https:\/\/thelyrictheatre.ca\/about\/our-performers\/#primaryimage"},"image":{"@id":"https:\/\/thelyrictheatre.ca\/about\/our-performers\/#primaryimage"},"thumbnailUrl":"https:\/\/thelyrictheatre.ca\/wp-content\/uploads\/2025\/04\/banner-performers.jpg","datePublished":"2019-09-20T00:00:45+00:00","dateModified":"2026-03-18T20:17:02+00:00","breadcrumb":{"@id":"https:\/\/thelyrictheatre.ca\/about\/our-performers\/#breadcrumb"},"inLanguage":"fr-FR","potentialAction":[{"@type":"ReadAction","target":["https:\/\/thelyrictheatre.ca\/about\/our-performers\/"]}]},{"@type":"ImageObject","inLanguage":"fr-FR","@id":"https:\/\/thelyrictheatre.ca\/about\/our-performers\/#primaryimage","url":"https:\/\/thelyrictheatre.ca\/wp-content\/uploads\/2025\/04\/banner-performers.jpg","contentUrl":"https:\/\/thelyrictheatre.ca\/wp-content\/uploads\/2025\/04\/banner-performers.jpg"},{"@type":"BreadcrumbList","@id":"https:\/\/thelyrictheatre.ca\/about\/our-performers\/#breadcrumb","itemListElement":[{"@type":"ListItem","position":1,"name":"Home","item":"https:\/\/thelyrictheatre.ca\/"},{"@type":"ListItem","position":2,"name":"\u00c0 propos","item":"https:\/\/thelyrictheatre.ca\/about\/"},{"@type":"ListItem","position":3,"name":"Nos artistes"}]},{"@type":"WebSite","@id":"https:\/\/thelyrictheatre.ca\/#website","url":"https:\/\/thelyrictheatre.ca\/","name":"The Lyric Theatre","description":"Une attraction incontournable de Montr\u00e9al pour les amoureux de th\u00e9\u00e2tre","publisher":{"@id":"https:\/\/thelyrictheatre.ca\/#organization"},"potentialAction":[{"@type":"SearchAction","target":{"@type":"EntryPoint","urlTemplate":"https:\/\/thelyrictheatre.ca\/?s={search_term_string}"},"query-input":{"@type":"PropertyValueSpecification","valueRequired":true,"valueName":"search_term_string"}}],"inLanguage":"fr-FR"},{"@type":"Organization","@id":"https:\/\/thelyrictheatre.ca\/#organization","name":"The Lyric Theatre","url":"https:\/\/thelyrictheatre.ca\/","logo":{"@type":"ImageObject","inLanguage":"fr-FR","@id":"https:\/\/thelyrictheatre.ca\/#\/schema\/logo\/image\/","url":"https:\/\/thelyrictheatre.ca\/wp-content\/uploads\/2019\/06\/lyric-theatre-logo-white.png","contentUrl":"https:\/\/thelyrictheatre.ca\/wp-content\/uploads\/2019\/06\/lyric-theatre-logo-white.png","width":576,"height":286,"caption":"The Lyric Theatre"},"image":{"@id":"https:\/\/thelyrictheatre.ca\/#\/schema\/logo\/image\/"},"sameAs":["https:\/\/www.facebook.com\/LyricTheatreMontreal?fref=ts","https:\/\/x.com\/lyrictheatremtl","https:\/\/www.youtube.com\/user\/LyricTheatreSingers"]}]}},"_links":{"self":[{"href":"https:\/\/thelyrictheatre.ca\/fr\/wp-json\/wp\/v2\/pages\/1247","targetHints":{"allow":["GET"]}}],"collection":[{"href":"https:\/\/thelyrictheatre.ca\/fr\/wp-json\/wp\/v2\/pages"}],"about":[{"href":"https:\/\/thelyrictheatre.ca\/fr\/wp-json\/wp\/v2\/types\/page"}],"author":[{"embeddable":true,"href":"https:\/\/thelyrictheatre.ca\/fr\/wp-json\/wp\/v2\/users\/1"}],"replies":[{"embeddable":true,"href":"https:\/\/thelyrictheatre.ca\/fr\/wp-json\/wp\/v2\/comments?post=1247"}],"version-history":[{"count":36,"href":"https:\/\/thelyrictheatre.ca\/fr\/wp-json\/wp\/v2\/pages\/1247\/revisions"}],"predecessor-version":[{"id":2847,"href":"https:\/\/thelyrictheatre.ca\/fr\/wp-json\/wp\/v2\/pages\/1247\/revisions\/2847"}],"up":[{"embeddable":true,"href":"https:\/\/thelyrictheatre.ca\/fr\/wp-json\/wp\/v2\/pages\/1219"}],"wp:attachment":[{"href":"https:\/\/thelyrictheatre.ca\/fr\/wp-json\/wp\/v2\/media?parent=1247"}],"curies":[{"name":"wp","href":"https:\/\/api.w.org\/{rel}","templated":true}]}}