{"id":1245,"date":"2019-09-19T20:00:30","date_gmt":"2019-09-20T00:00:30","guid":{"rendered":"https:\/\/thelyrictheatre.ca\/a-propos\/our-mission\/"},"modified":"2021-10-25T10:40:23","modified_gmt":"2021-10-25T14:40:23","slug":"notre-mission","status":"publish","type":"page","link":"https:\/\/thelyrictheatre.ca\/fr\/a-propos\/notre-mission\/","title":{"rendered":"Notre mission"},"content":{"rendered":"\t\t<div data-elementor-type=\"wp-post\" data-elementor-id=\"1245\" class=\"elementor elementor-1245\">\n\t\t\t\t\t\t<section class=\"elementor-section elementor-top-section elementor-element elementor-element-b81860b elementor-section-full_width elementor-section-height-full elementor-section-height-default elementor-section-items-middle\" data-id=\"b81860b\" data-element_type=\"section\" data-e-type=\"section\" data-settings=\"{&quot;jet_parallax_layout_list&quot;:[{&quot;jet_parallax_layout_image&quot;:{&quot;url&quot;:&quot;&quot;,&quot;id&quot;:&quot;&quot;,&quot;size&quot;:&quot;&quot;},&quot;_id&quot;:&quot;8cc3b85&quot;,&quot;jet_parallax_layout_speed&quot;:{&quot;unit&quot;:&quot;%&quot;,&quot;size&quot;:50,&quot;sizes&quot;:[]},&quot;jet_parallax_layout_image_tablet&quot;:{&quot;url&quot;:&quot;&quot;,&quot;id&quot;:&quot;&quot;,&quot;size&quot;:&quot;&quot;},&quot;jet_parallax_layout_image_mobile&quot;:{&quot;url&quot;:&quot;&quot;,&quot;id&quot;:&quot;&quot;,&quot;size&quot;:&quot;&quot;},&quot;jet_parallax_layout_type&quot;:&quot;scroll&quot;,&quot;jet_parallax_layout_direction&quot;:&quot;1&quot;,&quot;jet_parallax_layout_fx_direction&quot;:null,&quot;jet_parallax_layout_z_index&quot;:&quot;&quot;,&quot;jet_parallax_layout_bg_x&quot;:50,&quot;jet_parallax_layout_bg_x_tablet&quot;:&quot;&quot;,&quot;jet_parallax_layout_bg_x_mobile&quot;:&quot;&quot;,&quot;jet_parallax_layout_bg_y&quot;:50,&quot;jet_parallax_layout_bg_y_tablet&quot;:&quot;&quot;,&quot;jet_parallax_layout_bg_y_mobile&quot;:&quot;&quot;,&quot;jet_parallax_layout_bg_size&quot;:&quot;auto&quot;,&quot;jet_parallax_layout_bg_size_tablet&quot;:&quot;&quot;,&quot;jet_parallax_layout_bg_size_mobile&quot;:&quot;&quot;,&quot;jet_parallax_layout_animation_prop&quot;:&quot;transform&quot;,&quot;jet_parallax_layout_on&quot;:[&quot;desktop&quot;,&quot;tablet&quot;]}]}\">\n\t\t\t\t\t\t<div class=\"elementor-container elementor-column-gap-no\">\n\t\t\t\t\t<div class=\"elementor-column elementor-col-100 elementor-top-column elementor-element elementor-element-1e3f5b8\" data-id=\"1e3f5b8\" data-element_type=\"column\" data-e-type=\"column\">\n\t\t\t<div class=\"elementor-widget-wrap elementor-element-populated\">\n\t\t\t\t\t\t<div class=\"elementor-element elementor-element-71a65cc elementor-widget elementor-widget-jet-slider\" data-id=\"71a65cc\" data-element_type=\"widget\" data-e-type=\"widget\" data-settings=\"{&quot;slider_height&quot;:{&quot;unit&quot;:&quot;vh&quot;,&quot;size&quot;:100,&quot;sizes&quot;:[]},&quot;slider_height_mobile&quot;:{&quot;unit&quot;:&quot;px&quot;,&quot;size&quot;:250,&quot;sizes&quot;:[]},&quot;slider_height_tablet&quot;:{&quot;unit&quot;:&quot;px&quot;,&quot;size&quot;:&quot;&quot;,&quot;sizes&quot;:[]}}\" data-widget_type=\"jet-slider.default\">\n\t\t\t\t<div class=\"elementor-widget-container\">\n\t\t\t\t\t<div class=\"elementor-jet-slider jet-elements\">\n<div class=\"jet-slider jet-slider__image-exact\" data-settings='{&quot;sliderWidth&quot;:1,&quot;sliderHeight&quot;:1,&quot;sliderNavigation&quot;:false,&quot;sliderNavigationIcon&quot;:&quot;jet-slider__arrow-icon-71a65cc&quot;,&quot;sliderNaviOnHover&quot;:true,&quot;sliderPagination&quot;:true,&quot;sliderAutoplay&quot;:true,&quot;sliderAutoplayDelay&quot;:10000,&quot;sliderAutoplayOnHover&quot;:&quot;pause&quot;,&quot;sliderFullScreen&quot;:false,&quot;sliderFullscreenIcon&quot;:&quot;jet-slider__fullscreen-icon-71a65cc&quot;,&quot;sliderShuffle&quot;:false,&quot;sliderLoop&quot;:false,&quot;sliderFadeMode&quot;:true,&quot;slideDistance&quot;:1,&quot;slideDuration&quot;:5000,&quot;imageScaleMode&quot;:&quot;exact&quot;,&quot;thumbnails&quot;:false,&quot;thumbnailWidth&quot;:120,&quot;thumbnailHeight&quot;:80,&quot;rightToLeft&quot;:false,&quot;touchswipe&quot;:true,&quot;fractionPag&quot;:false,&quot;fractionPrefix&quot;:&quot;&quot;,&quot;fractionSeparator&quot;:&quot;\\\/&quot;,&quot;fractionSuffix&quot;:&quot;&quot;,&quot;autoSliderHeight&quot;:false}'>\n\t\n<div  class=\"slider-pro\">\n\t<div class=\"jet-slider__arrow-icon-71a65cc hidden-html\"><\/div><div class=\"jet-slider__fullscreen-icon-71a65cc hidden-html\"><\/div>\t<div class=\"jet-slider__items sp-slides\">\n\n\n<div  class=\"jet-slider__item sp-slide elementor-repeater-item-a9e4e62\"><img decoding=\"async\" class=\"sp-image\" src=\"https:\/\/thelyrictheatre.ca\/wp-content\/uploads\/2019\/07\/mission-banner.jpg\" alt=\"mission-banner\" loading=\"lazy\"><div class=\"jet-slider__content sp-layer \" data-position=\"centerCenter\" data-width=\"100%\" data-height=\"100%\" data-horizontal=\"0%\" data-show-transition=\"up\" data-show-duration=\"400\" data-show-delay=\"400\" >\n\t\t<div class=\"jet-slider__content-item\">\n\t\t\t<div class=\"jet-slider__content-inner\"><h5 class=\"jet-slider__title\">Notre mission<\/h5><h5 class=\"jet-slider__subtitle\">  <\/h5><div class=\"jet-slider__desc\">Le Lyric Theatre a pour mission de rassembler le public autour de musiques de qualit\u00e9.<\/div> \n\n\t\t\t\t\t\t<div class=\"jet-slider__button-wrapper\">\t\t\t\t\t\t<\/div><\/div>\n\t\t<\/div>\n\t\t\t<\/div>\n<\/div>\n\n<\/div>\n<\/div>\n<\/div>\n<\/div>\t\t\t\t<\/div>\n\t\t\t\t<\/div>\n\t\t\t\t\t<\/div>\n\t\t<\/div>\n\t\t\t\t\t<\/div>\n\t\t<\/section>\n\t\t\t\t<section class=\"elementor-section elementor-top-section elementor-element elementor-element-ad93163 elementor-section-boxed elementor-section-height-default elementor-section-height-default\" data-id=\"ad93163\" data-element_type=\"section\" data-e-type=\"section\" data-settings=\"{&quot;jet_parallax_layout_list&quot;:[{&quot;jet_parallax_layout_image&quot;:{&quot;url&quot;:&quot;&quot;,&quot;id&quot;:&quot;&quot;,&quot;size&quot;:&quot;&quot;},&quot;_id&quot;:&quot;1b8da82&quot;,&quot;jet_parallax_layout_speed&quot;:{&quot;unit&quot;:&quot;%&quot;,&quot;size&quot;:50,&quot;sizes&quot;:[]},&quot;jet_parallax_layout_image_tablet&quot;:{&quot;url&quot;:&quot;&quot;,&quot;id&quot;:&quot;&quot;,&quot;size&quot;:&quot;&quot;},&quot;jet_parallax_layout_image_mobile&quot;:{&quot;url&quot;:&quot;&quot;,&quot;id&quot;:&quot;&quot;,&quot;size&quot;:&quot;&quot;},&quot;jet_parallax_layout_type&quot;:&quot;scroll&quot;,&quot;jet_parallax_layout_direction&quot;:&quot;1&quot;,&quot;jet_parallax_layout_fx_direction&quot;:null,&quot;jet_parallax_layout_z_index&quot;:&quot;&quot;,&quot;jet_parallax_layout_bg_x&quot;:50,&quot;jet_parallax_layout_bg_x_tablet&quot;:&quot;&quot;,&quot;jet_parallax_layout_bg_x_mobile&quot;:&quot;&quot;,&quot;jet_parallax_layout_bg_y&quot;:50,&quot;jet_parallax_layout_bg_y_tablet&quot;:&quot;&quot;,&quot;jet_parallax_layout_bg_y_mobile&quot;:&quot;&quot;,&quot;jet_parallax_layout_bg_size&quot;:&quot;auto&quot;,&quot;jet_parallax_layout_bg_size_tablet&quot;:&quot;&quot;,&quot;jet_parallax_layout_bg_size_mobile&quot;:&quot;&quot;,&quot;jet_parallax_layout_animation_prop&quot;:&quot;transform&quot;,&quot;jet_parallax_layout_on&quot;:[&quot;desktop&quot;,&quot;tablet&quot;]}]}\">\n\t\t\t\t\t\t<div class=\"elementor-container elementor-column-gap-default\">\n\t\t\t\t\t<div class=\"elementor-column elementor-col-50 elementor-top-column elementor-element elementor-element-691da67\" data-id=\"691da67\" data-element_type=\"column\" data-e-type=\"column\">\n\t\t\t<div class=\"elementor-widget-wrap elementor-element-populated\">\n\t\t\t\t\t\t<div class=\"elementor-element elementor-element-3e69516 elementor-widget elementor-widget-text-editor\" data-id=\"3e69516\" data-element_type=\"widget\" data-e-type=\"widget\" data-widget_type=\"text-editor.default\">\n\t\t\t\t<div class=\"elementor-widget-container\">\n\t\t\t\t\t\t\t\t\t<h5 style=\"text-align: left;\">Nous remplissons cette mission en offrant des spectacles \u00e0 prix abordable, tout en unissant les membres de la communaut\u00e9 autour d\u2019un amour commun pour la chanson et la danse.<\/h5><p style=\"text-align: left;\">La revue annuelle Broadway des Lyric Theatre Singers c\u00e9l\u00e8bre le riche h\u00e9ritage du th\u00e9\u00e2tre musical tout en donnant une place de choix aux nouvelles productions en vogue, tandis que notre populaire concert \u00ab No\u00ebl aux chandelles \u00bb ouvre officieusement la saison des F\u00eates pour des milliers de Montr\u00e9alais. Ces deux spectacles font, ann\u00e9e apr\u00e8s ann\u00e9e, l\u2019objet de critiques \u00e9logieuses tant de la part des critiques que du public.<\/p>\t\t\t\t\t\t\t\t<\/div>\n\t\t\t\t<\/div>\n\t\t\t\t\t<\/div>\n\t\t<\/div>\n\t\t\t\t<div class=\"elementor-column elementor-col-50 elementor-top-column elementor-element elementor-element-7120613\" data-id=\"7120613\" data-element_type=\"column\" data-e-type=\"column\">\n\t\t\t<div class=\"elementor-widget-wrap elementor-element-populated\">\n\t\t\t\t\t\t<div class=\"elementor-element elementor-element-d36038e elementor-widget elementor-widget-text-editor\" data-id=\"d36038e\" data-element_type=\"widget\" data-e-type=\"widget\" data-widget_type=\"text-editor.default\">\n\t\t\t\t<div class=\"elementor-widget-container\">\n\t\t\t\t\t\t\t\t\t<p style=\"text-align: left;\">Ouvert \u00e0 la diversit\u00e9 et aux possibilit\u00e9s de toute sorte, nous offrons l\u2019opportunit\u00e9 aux talents locaux de briller de tous leurs feux, et ce, peu importe leur \u00e2ge ou leur exp\u00e9rience. Notre processus cr\u00e9atif permet aux chanteurs de d\u00e9velopper leurs aptitudes, supervis\u00e9s par une \u00e9quipe de professionnels d\u00e9vou\u00e9s, tout en faisant la promotion de l\u2019\u00e9ducation artistique et musicale ; des enseignements qui dureront toute une vie. Inlassablement \u00e0 la recherche de nouveaux talents et territoires artistiques, nous pr\u00e9servons le pass\u00e9 tout en se posant la question : \u00ab De quoi sera fait la suite ? \u00bb<\/p><p style=\"text-align: left;\">Une ville comme Montr\u00e9al m\u00e9rite &#8211; plus, exige \u2013 de b\u00e9n\u00e9ficier d\u2019avenues multiples afin d\u2019encourager l\u2019expression artistique. Notre public, nos donateurs et nos b\u00e9n\u00e9voles ont contribu\u00e9 au cours des ann\u00e9es \u00e0 enchatonner le Lyric \u00e0 m\u00eame le tissu social montr\u00e9alais. En \u00e9levant nos voix, Les Lyric Theatre Singers apporte \u00e9merveillement, rythme et harmonie \u00e0 la vie d\u2019innombrables citoyens, et ce, repr\u00e9sentations apr\u00e8s repr\u00e9sentations.<\/p>\t\t\t\t\t\t\t\t<\/div>\n\t\t\t\t<\/div>\n\t\t\t\t\t<\/div>\n\t\t<\/div>\n\t\t\t\t\t<\/div>\n\t\t<\/section>\n\t\t\t\t<\/div>\n\t\t","protected":false},"excerpt":{"rendered":"<p>Notre mission Le Lyric Theatre a pour mission de rassembler le public autour de musiques de qualit\u00e9. Nous remplissons cette mission en offrant des spectacles \u00e0 prix abordable, tout en unissant les membres de la communaut\u00e9 autour d\u2019un amour commun pour la chanson et la danse. La revue annuelle Broadway des Lyric Theatre Singers c\u00e9l\u00e8bre [&hellip;]<\/p>\n","protected":false},"author":1,"featured_media":0,"parent":1219,"menu_order":0,"comment_status":"closed","ping_status":"closed","template":"full-width.php","meta":{"_acf_changed":false,"footnotes":""},"class_list":["post-1245","page","type-page","status-publish","hentry"],"acf":[],"yoast_head":"<!-- This site is optimized with the Yoast SEO plugin v27.2 - https:\/\/yoast.com\/product\/yoast-seo-wordpress\/ -->\n<title>Notre mission<\/title>\n<meta name=\"robots\" content=\"index, follow, max-snippet:-1, max-image-preview:large, max-video-preview:-1\" \/>\n<link rel=\"canonical\" href=\"https:\/\/thelyrictheatre.ca\/about\/our-mission\/\" \/>\n<meta property=\"og:locale\" content=\"fr_FR\" \/>\n<meta property=\"og:type\" content=\"article\" \/>\n<meta property=\"og:title\" content=\"Notre mission\" \/>\n<meta property=\"og:description\" content=\"Notre mission Le Lyric Theatre a pour mission de rassembler le public autour de musiques de qualit\u00e9. Nous remplissons cette mission en offrant des spectacles \u00e0 prix abordable, tout en unissant les membres de la communaut\u00e9 autour d\u2019un amour commun pour la chanson et la danse. La revue annuelle Broadway des Lyric Theatre Singers c\u00e9l\u00e8bre [&hellip;]\" \/>\n<meta property=\"og:url\" content=\"https:\/\/thelyrictheatre.ca\/about\/our-mission\/\" \/>\n<meta property=\"og:site_name\" content=\"The Lyric Theatre\" \/>\n<meta property=\"article:publisher\" content=\"https:\/\/www.facebook.com\/LyricTheatreMontreal?fref=ts\" \/>\n<meta property=\"article:modified_time\" content=\"2021-10-25T14:40:23+00:00\" \/>\n<meta property=\"og:image\" content=\"https:\/\/thelyrictheatre.ca\/wp-content\/uploads\/2019\/07\/mission-banner.jpg\" \/>\n<meta name=\"twitter:card\" content=\"summary_large_image\" \/>\n<meta name=\"twitter:site\" content=\"@lyrictheatremtl\" \/>\n<meta name=\"twitter:label1\" content=\"Dur\u00e9e de lecture estim\u00e9e\" \/>\n\t<meta name=\"twitter:data1\" content=\"1 minute\" \/>\n<script type=\"application\/ld+json\" class=\"yoast-schema-graph\">{\"@context\":\"https:\/\/schema.org\",\"@graph\":[{\"@type\":\"WebPage\",\"@id\":\"https:\/\/thelyrictheatre.ca\/about\/our-mission\/\",\"url\":\"https:\/\/thelyrictheatre.ca\/about\/our-mission\/\",\"name\":\"Notre mission\",\"isPartOf\":{\"@id\":\"https:\/\/thelyrictheatre.ca\/#website\"},\"primaryImageOfPage\":{\"@id\":\"https:\/\/thelyrictheatre.ca\/about\/our-mission\/#primaryimage\"},\"image\":{\"@id\":\"https:\/\/thelyrictheatre.ca\/about\/our-mission\/#primaryimage\"},\"thumbnailUrl\":\"https:\/\/thelyrictheatre.ca\/wp-content\/uploads\/2019\/07\/mission-banner.jpg\",\"datePublished\":\"2019-09-20T00:00:30+00:00\",\"dateModified\":\"2021-10-25T14:40:23+00:00\",\"breadcrumb\":{\"@id\":\"https:\/\/thelyrictheatre.ca\/about\/our-mission\/#breadcrumb\"},\"inLanguage\":\"fr-FR\",\"potentialAction\":[{\"@type\":\"ReadAction\",\"target\":[\"https:\/\/thelyrictheatre.ca\/about\/our-mission\/\"]}]},{\"@type\":\"ImageObject\",\"inLanguage\":\"fr-FR\",\"@id\":\"https:\/\/thelyrictheatre.ca\/about\/our-mission\/#primaryimage\",\"url\":\"https:\/\/thelyrictheatre.ca\/wp-content\/uploads\/2019\/07\/mission-banner.jpg\",\"contentUrl\":\"https:\/\/thelyrictheatre.ca\/wp-content\/uploads\/2019\/07\/mission-banner.jpg\"},{\"@type\":\"BreadcrumbList\",\"@id\":\"https:\/\/thelyrictheatre.ca\/about\/our-mission\/#breadcrumb\",\"itemListElement\":[{\"@type\":\"ListItem\",\"position\":1,\"name\":\"Home\",\"item\":\"https:\/\/thelyrictheatre.ca\/\"},{\"@type\":\"ListItem\",\"position\":2,\"name\":\"\u00c0 propos\",\"item\":\"https:\/\/thelyrictheatre.ca\/about\/\"},{\"@type\":\"ListItem\",\"position\":3,\"name\":\"Notre mission\"}]},{\"@type\":\"WebSite\",\"@id\":\"https:\/\/thelyrictheatre.ca\/#website\",\"url\":\"https:\/\/thelyrictheatre.ca\/\",\"name\":\"The Lyric Theatre\",\"description\":\"Une attraction incontournable de Montr\u00e9al pour les amoureux de th\u00e9\u00e2tre\",\"publisher\":{\"@id\":\"https:\/\/thelyrictheatre.ca\/#organization\"},\"potentialAction\":[{\"@type\":\"SearchAction\",\"target\":{\"@type\":\"EntryPoint\",\"urlTemplate\":\"https:\/\/thelyrictheatre.ca\/?s={search_term_string}\"},\"query-input\":{\"@type\":\"PropertyValueSpecification\",\"valueRequired\":true,\"valueName\":\"search_term_string\"}}],\"inLanguage\":\"fr-FR\"},{\"@type\":\"Organization\",\"@id\":\"https:\/\/thelyrictheatre.ca\/#organization\",\"name\":\"The Lyric Theatre\",\"url\":\"https:\/\/thelyrictheatre.ca\/\",\"logo\":{\"@type\":\"ImageObject\",\"inLanguage\":\"fr-FR\",\"@id\":\"https:\/\/thelyrictheatre.ca\/#\/schema\/logo\/image\/\",\"url\":\"https:\/\/thelyrictheatre.ca\/wp-content\/uploads\/2019\/06\/lyric-theatre-logo-white.png\",\"contentUrl\":\"https:\/\/thelyrictheatre.ca\/wp-content\/uploads\/2019\/06\/lyric-theatre-logo-white.png\",\"width\":576,\"height\":286,\"caption\":\"The Lyric Theatre\"},\"image\":{\"@id\":\"https:\/\/thelyrictheatre.ca\/#\/schema\/logo\/image\/\"},\"sameAs\":[\"https:\/\/www.facebook.com\/LyricTheatreMontreal?fref=ts\",\"https:\/\/x.com\/lyrictheatremtl\",\"https:\/\/www.youtube.com\/user\/LyricTheatreSingers\"]}]}<\/script>\n<!-- \/ Yoast SEO plugin. -->","yoast_head_json":{"title":"Notre mission","robots":{"index":"index","follow":"follow","max-snippet":"max-snippet:-1","max-image-preview":"max-image-preview:large","max-video-preview":"max-video-preview:-1"},"canonical":"https:\/\/thelyrictheatre.ca\/about\/our-mission\/","og_locale":"fr_FR","og_type":"article","og_title":"Notre mission","og_description":"Notre mission Le Lyric Theatre a pour mission de rassembler le public autour de musiques de qualit\u00e9. Nous remplissons cette mission en offrant des spectacles \u00e0 prix abordable, tout en unissant les membres de la communaut\u00e9 autour d\u2019un amour commun pour la chanson et la danse. La revue annuelle Broadway des Lyric Theatre Singers c\u00e9l\u00e8bre [&hellip;]","og_url":"https:\/\/thelyrictheatre.ca\/about\/our-mission\/","og_site_name":"The Lyric Theatre","article_publisher":"https:\/\/www.facebook.com\/LyricTheatreMontreal?fref=ts","article_modified_time":"2021-10-25T14:40:23+00:00","og_image":[{"url":"https:\/\/thelyrictheatre.ca\/wp-content\/uploads\/2019\/07\/mission-banner.jpg","type":"","width":"","height":""}],"twitter_card":"summary_large_image","twitter_site":"@lyrictheatremtl","twitter_misc":{"Dur\u00e9e de lecture estim\u00e9e":"1 minute"},"schema":{"@context":"https:\/\/schema.org","@graph":[{"@type":"WebPage","@id":"https:\/\/thelyrictheatre.ca\/about\/our-mission\/","url":"https:\/\/thelyrictheatre.ca\/about\/our-mission\/","name":"Notre mission","isPartOf":{"@id":"https:\/\/thelyrictheatre.ca\/#website"},"primaryImageOfPage":{"@id":"https:\/\/thelyrictheatre.ca\/about\/our-mission\/#primaryimage"},"image":{"@id":"https:\/\/thelyrictheatre.ca\/about\/our-mission\/#primaryimage"},"thumbnailUrl":"https:\/\/thelyrictheatre.ca\/wp-content\/uploads\/2019\/07\/mission-banner.jpg","datePublished":"2019-09-20T00:00:30+00:00","dateModified":"2021-10-25T14:40:23+00:00","breadcrumb":{"@id":"https:\/\/thelyrictheatre.ca\/about\/our-mission\/#breadcrumb"},"inLanguage":"fr-FR","potentialAction":[{"@type":"ReadAction","target":["https:\/\/thelyrictheatre.ca\/about\/our-mission\/"]}]},{"@type":"ImageObject","inLanguage":"fr-FR","@id":"https:\/\/thelyrictheatre.ca\/about\/our-mission\/#primaryimage","url":"https:\/\/thelyrictheatre.ca\/wp-content\/uploads\/2019\/07\/mission-banner.jpg","contentUrl":"https:\/\/thelyrictheatre.ca\/wp-content\/uploads\/2019\/07\/mission-banner.jpg"},{"@type":"BreadcrumbList","@id":"https:\/\/thelyrictheatre.ca\/about\/our-mission\/#breadcrumb","itemListElement":[{"@type":"ListItem","position":1,"name":"Home","item":"https:\/\/thelyrictheatre.ca\/"},{"@type":"ListItem","position":2,"name":"\u00c0 propos","item":"https:\/\/thelyrictheatre.ca\/about\/"},{"@type":"ListItem","position":3,"name":"Notre mission"}]},{"@type":"WebSite","@id":"https:\/\/thelyrictheatre.ca\/#website","url":"https:\/\/thelyrictheatre.ca\/","name":"The Lyric Theatre","description":"Une attraction incontournable de Montr\u00e9al pour les amoureux de th\u00e9\u00e2tre","publisher":{"@id":"https:\/\/thelyrictheatre.ca\/#organization"},"potentialAction":[{"@type":"SearchAction","target":{"@type":"EntryPoint","urlTemplate":"https:\/\/thelyrictheatre.ca\/?s={search_term_string}"},"query-input":{"@type":"PropertyValueSpecification","valueRequired":true,"valueName":"search_term_string"}}],"inLanguage":"fr-FR"},{"@type":"Organization","@id":"https:\/\/thelyrictheatre.ca\/#organization","name":"The Lyric Theatre","url":"https:\/\/thelyrictheatre.ca\/","logo":{"@type":"ImageObject","inLanguage":"fr-FR","@id":"https:\/\/thelyrictheatre.ca\/#\/schema\/logo\/image\/","url":"https:\/\/thelyrictheatre.ca\/wp-content\/uploads\/2019\/06\/lyric-theatre-logo-white.png","contentUrl":"https:\/\/thelyrictheatre.ca\/wp-content\/uploads\/2019\/06\/lyric-theatre-logo-white.png","width":576,"height":286,"caption":"The Lyric Theatre"},"image":{"@id":"https:\/\/thelyrictheatre.ca\/#\/schema\/logo\/image\/"},"sameAs":["https:\/\/www.facebook.com\/LyricTheatreMontreal?fref=ts","https:\/\/x.com\/lyrictheatremtl","https:\/\/www.youtube.com\/user\/LyricTheatreSingers"]}]}},"_links":{"self":[{"href":"https:\/\/thelyrictheatre.ca\/fr\/wp-json\/wp\/v2\/pages\/1245","targetHints":{"allow":["GET"]}}],"collection":[{"href":"https:\/\/thelyrictheatre.ca\/fr\/wp-json\/wp\/v2\/pages"}],"about":[{"href":"https:\/\/thelyrictheatre.ca\/fr\/wp-json\/wp\/v2\/types\/page"}],"author":[{"embeddable":true,"href":"https:\/\/thelyrictheatre.ca\/fr\/wp-json\/wp\/v2\/users\/1"}],"replies":[{"embeddable":true,"href":"https:\/\/thelyrictheatre.ca\/fr\/wp-json\/wp\/v2\/comments?post=1245"}],"version-history":[{"count":12,"href":"https:\/\/thelyrictheatre.ca\/fr\/wp-json\/wp\/v2\/pages\/1245\/revisions"}],"predecessor-version":[{"id":1926,"href":"https:\/\/thelyrictheatre.ca\/fr\/wp-json\/wp\/v2\/pages\/1245\/revisions\/1926"}],"up":[{"embeddable":true,"href":"https:\/\/thelyrictheatre.ca\/fr\/wp-json\/wp\/v2\/pages\/1219"}],"wp:attachment":[{"href":"https:\/\/thelyrictheatre.ca\/fr\/wp-json\/wp\/v2\/media?parent=1245"}],"curies":[{"name":"wp","href":"https:\/\/api.w.org\/{rel}","templated":true}]}}