{"id":1243,"date":"2019-09-19T20:00:13","date_gmt":"2019-09-20T00:00:13","guid":{"rendered":"https:\/\/thelyrictheatre.ca\/a-propos\/our-history\/"},"modified":"2021-10-25T10:40:19","modified_gmt":"2021-10-25T14:40:19","slug":"notre-histoire","status":"publish","type":"page","link":"https:\/\/thelyrictheatre.ca\/fr\/a-propos\/notre-histoire\/","title":{"rendered":"Notre histoire"},"content":{"rendered":"\t\t<div data-elementor-type=\"wp-post\" data-elementor-id=\"1243\" class=\"elementor elementor-1243\">\n\t\t\t\t\t\t<section class=\"elementor-section elementor-top-section elementor-element elementor-element-b81860b elementor-section-full_width elementor-section-height-full elementor-section-height-default elementor-section-items-middle\" data-id=\"b81860b\" data-element_type=\"section\" data-e-type=\"section\" data-settings=\"{&quot;jet_parallax_layout_list&quot;:[{&quot;jet_parallax_layout_image&quot;:{&quot;url&quot;:&quot;&quot;,&quot;id&quot;:&quot;&quot;,&quot;size&quot;:&quot;&quot;},&quot;_id&quot;:&quot;8cc3b85&quot;,&quot;jet_parallax_layout_speed&quot;:{&quot;unit&quot;:&quot;%&quot;,&quot;size&quot;:50,&quot;sizes&quot;:[]},&quot;jet_parallax_layout_image_tablet&quot;:{&quot;url&quot;:&quot;&quot;,&quot;id&quot;:&quot;&quot;,&quot;size&quot;:&quot;&quot;},&quot;jet_parallax_layout_image_mobile&quot;:{&quot;url&quot;:&quot;&quot;,&quot;id&quot;:&quot;&quot;,&quot;size&quot;:&quot;&quot;},&quot;jet_parallax_layout_type&quot;:&quot;scroll&quot;,&quot;jet_parallax_layout_direction&quot;:&quot;1&quot;,&quot;jet_parallax_layout_fx_direction&quot;:null,&quot;jet_parallax_layout_z_index&quot;:&quot;&quot;,&quot;jet_parallax_layout_bg_x&quot;:50,&quot;jet_parallax_layout_bg_x_tablet&quot;:&quot;&quot;,&quot;jet_parallax_layout_bg_x_mobile&quot;:&quot;&quot;,&quot;jet_parallax_layout_bg_y&quot;:50,&quot;jet_parallax_layout_bg_y_tablet&quot;:&quot;&quot;,&quot;jet_parallax_layout_bg_y_mobile&quot;:&quot;&quot;,&quot;jet_parallax_layout_bg_size&quot;:&quot;auto&quot;,&quot;jet_parallax_layout_bg_size_tablet&quot;:&quot;&quot;,&quot;jet_parallax_layout_bg_size_mobile&quot;:&quot;&quot;,&quot;jet_parallax_layout_animation_prop&quot;:&quot;transform&quot;,&quot;jet_parallax_layout_on&quot;:[&quot;desktop&quot;,&quot;tablet&quot;]}]}\">\n\t\t\t\t\t\t<div class=\"elementor-container elementor-column-gap-no\">\n\t\t\t\t\t<div class=\"elementor-column elementor-col-100 elementor-top-column elementor-element elementor-element-1e3f5b8\" data-id=\"1e3f5b8\" data-element_type=\"column\" data-e-type=\"column\">\n\t\t\t<div class=\"elementor-widget-wrap elementor-element-populated\">\n\t\t\t\t\t\t<div class=\"elementor-element elementor-element-71a65cc elementor-widget elementor-widget-jet-slider\" data-id=\"71a65cc\" data-element_type=\"widget\" data-e-type=\"widget\" data-settings=\"{&quot;slider_height&quot;:{&quot;unit&quot;:&quot;vh&quot;,&quot;size&quot;:100,&quot;sizes&quot;:[]},&quot;slider_height_mobile&quot;:{&quot;unit&quot;:&quot;px&quot;,&quot;size&quot;:250,&quot;sizes&quot;:[]},&quot;slider_height_tablet&quot;:{&quot;unit&quot;:&quot;px&quot;,&quot;size&quot;:&quot;&quot;,&quot;sizes&quot;:[]}}\" data-widget_type=\"jet-slider.default\">\n\t\t\t\t<div class=\"elementor-widget-container\">\n\t\t\t\t\t<div class=\"elementor-jet-slider jet-elements\">\n<div class=\"jet-slider jet-slider__image-exact\" data-settings='{&quot;sliderWidth&quot;:1,&quot;sliderHeight&quot;:1,&quot;sliderNavigation&quot;:false,&quot;sliderNavigationIcon&quot;:&quot;jet-slider__arrow-icon-71a65cc&quot;,&quot;sliderNaviOnHover&quot;:true,&quot;sliderPagination&quot;:true,&quot;sliderAutoplay&quot;:true,&quot;sliderAutoplayDelay&quot;:10000,&quot;sliderAutoplayOnHover&quot;:&quot;pause&quot;,&quot;sliderFullScreen&quot;:false,&quot;sliderFullscreenIcon&quot;:&quot;jet-slider__fullscreen-icon-71a65cc&quot;,&quot;sliderShuffle&quot;:false,&quot;sliderLoop&quot;:false,&quot;sliderFadeMode&quot;:true,&quot;slideDistance&quot;:1,&quot;slideDuration&quot;:5000,&quot;imageScaleMode&quot;:&quot;exact&quot;,&quot;thumbnails&quot;:false,&quot;thumbnailWidth&quot;:120,&quot;thumbnailHeight&quot;:80,&quot;rightToLeft&quot;:false,&quot;touchswipe&quot;:true,&quot;fractionPag&quot;:false,&quot;fractionPrefix&quot;:&quot;&quot;,&quot;fractionSeparator&quot;:&quot;\\\/&quot;,&quot;fractionSuffix&quot;:&quot;&quot;,&quot;autoSliderHeight&quot;:false}'>\n\t\n<div  class=\"slider-pro\">\n\t<div class=\"jet-slider__arrow-icon-71a65cc hidden-html\"><\/div><div class=\"jet-slider__fullscreen-icon-71a65cc hidden-html\"><\/div>\t<div class=\"jet-slider__items sp-slides\">\n\n\n<div  class=\"jet-slider__item sp-slide elementor-repeater-item-a9e4e62\"><img decoding=\"async\" class=\"sp-image\" src=\"https:\/\/thelyrictheatre.ca\/wp-content\/uploads\/2019\/07\/history-01.jpg\" alt=\"history-01\" loading=\"lazy\"><div class=\"jet-slider__content sp-layer \" data-position=\"centerCenter\" data-width=\"100%\" data-height=\"100%\" data-horizontal=\"0%\" data-show-transition=\"up\" data-show-duration=\"400\" data-show-delay=\"400\" >\n\t\t<div class=\"jet-slider__content-item\">\n\t\t\t<div class=\"jet-slider__content-inner\"><h5 class=\"jet-slider__title\">Notre histoire<\/h5><h5 class=\"jet-slider__subtitle\">  <\/h5><div class=\"jet-slider__desc\">Peu de compagnies de th\u00e9\u00e2tre communautaire peuvent s\u2019enorgueillir d\u2019un h\u00e9ritage aussi riche que celui du Lyric Theatre, qui compte plus de 50 ans de productions de com\u00e9dies musicales, de revues et de concerts de No\u00ebl de qualit\u00e9 irr\u00e9prochable. <\/div> \n\n\t\t\t\t\t\t<div class=\"jet-slider__button-wrapper\">\t\t\t\t\t\t<\/div><\/div>\n\t\t<\/div>\n\t\t\t<\/div>\n<\/div>\n\n<\/div>\n<\/div>\n<\/div>\n<\/div>\t\t\t\t<\/div>\n\t\t\t\t<\/div>\n\t\t\t\t\t<\/div>\n\t\t<\/div>\n\t\t\t\t\t<\/div>\n\t\t<\/section>\n\t\t\t\t<section class=\"elementor-section elementor-top-section elementor-element elementor-element-ad93163 elementor-section-boxed elementor-section-height-default elementor-section-height-default\" data-id=\"ad93163\" data-element_type=\"section\" data-e-type=\"section\" data-settings=\"{&quot;jet_parallax_layout_list&quot;:[{&quot;jet_parallax_layout_image&quot;:{&quot;url&quot;:&quot;&quot;,&quot;id&quot;:&quot;&quot;,&quot;size&quot;:&quot;&quot;},&quot;_id&quot;:&quot;1b8da82&quot;,&quot;jet_parallax_layout_speed&quot;:{&quot;unit&quot;:&quot;%&quot;,&quot;size&quot;:50,&quot;sizes&quot;:[]},&quot;jet_parallax_layout_image_tablet&quot;:{&quot;url&quot;:&quot;&quot;,&quot;id&quot;:&quot;&quot;,&quot;size&quot;:&quot;&quot;},&quot;jet_parallax_layout_image_mobile&quot;:{&quot;url&quot;:&quot;&quot;,&quot;id&quot;:&quot;&quot;,&quot;size&quot;:&quot;&quot;},&quot;jet_parallax_layout_type&quot;:&quot;scroll&quot;,&quot;jet_parallax_layout_direction&quot;:&quot;1&quot;,&quot;jet_parallax_layout_fx_direction&quot;:null,&quot;jet_parallax_layout_z_index&quot;:&quot;&quot;,&quot;jet_parallax_layout_bg_x&quot;:50,&quot;jet_parallax_layout_bg_x_tablet&quot;:&quot;&quot;,&quot;jet_parallax_layout_bg_x_mobile&quot;:&quot;&quot;,&quot;jet_parallax_layout_bg_y&quot;:50,&quot;jet_parallax_layout_bg_y_tablet&quot;:&quot;&quot;,&quot;jet_parallax_layout_bg_y_mobile&quot;:&quot;&quot;,&quot;jet_parallax_layout_bg_size&quot;:&quot;auto&quot;,&quot;jet_parallax_layout_bg_size_tablet&quot;:&quot;&quot;,&quot;jet_parallax_layout_bg_size_mobile&quot;:&quot;&quot;,&quot;jet_parallax_layout_animation_prop&quot;:&quot;transform&quot;,&quot;jet_parallax_layout_on&quot;:[&quot;desktop&quot;,&quot;tablet&quot;]}]}\">\n\t\t\t\t\t\t<div class=\"elementor-container elementor-column-gap-default\">\n\t\t\t\t\t<div class=\"elementor-column elementor-col-50 elementor-top-column elementor-element elementor-element-691da67\" data-id=\"691da67\" data-element_type=\"column\" data-e-type=\"column\">\n\t\t\t<div class=\"elementor-widget-wrap elementor-element-populated\">\n\t\t\t\t\t\t<div class=\"elementor-element elementor-element-3e69516 elementor-widget elementor-widget-text-editor\" data-id=\"3e69516\" data-element_type=\"widget\" data-e-type=\"widget\" data-widget_type=\"text-editor.default\">\n\t\t\t\t<div class=\"elementor-widget-container\">\n\t\t\t\t\t\t\t\t\t<h5 style=\"text-align: left;\">Fond\u00e9 dans l\u2019ouest de l\u2019\u00eele de Montr\u00e9al en 1965, le Lyric Theatre a d\u00e9marr\u00e9 ses activit\u00e9s comme producteur de spectacles annuels. Sous sa houlette, 32 com\u00e9dies musicales ont \u00e9t\u00e9 pr\u00e9sent\u00e9es entre l\u2019ann\u00e9e de son inauguration et 1997; mentionnons entre autres <em>The Music Man<\/em>, <em>Fiddler on the Roof<\/em>, <em>A Funny Thing Happened on the Way to the Forum<\/em> et <em>Evita<\/em>.<\/h5><p style=\"text-align: left;\">Pendant plus de 20 ans, le Lyric Theatre a pr\u00e9sent\u00e9 ses productions dans des \u00e9tablissements d\u2019enseignement comme les \u00e9coles secondaires John Rennie et John XXIII. En 1986, l\u2019ensemble d\u00e9couvre un nouveau foyer dans le premier th\u00e9\u00e2tre anglophone de Montr\u00e9al, le Th\u00e9\u00e2tre Centaur, et y pr\u00e9sentera ses productions jusqu\u2019\u00e0 <em>Company<\/em>, en 1997. Depuis, on a pu entendre le Lyric dans plusieurs salles populaires de Montr\u00e9al, dont le Th\u00e9\u00e2tre Rialto, la Salle Tudor, le Oscar Peterson Hall et le Th\u00e9\u00e2tre D.B. Clarke de l\u2019Universit\u00e9 Concordia.<\/p><p style=\"text-align: left;\">Apr\u00e8s des ann\u00e9es de spectacles couronn\u00e9s de succ\u00e8s, le Lyric Theatre a voulu \u00e9voluer au-del\u00e0 de sa riche tradition de productions sc\u00e9niques. C\u2019est ainsi qu\u2019en 1990 fut lanc\u00e9 une deuxi\u00e8me division, les Lyric Theatre Singers, afin de cr\u00e9er des revues originales et dynamiques de Broadway et des concerts de No\u00ebl enchanteurs. Sous la direction du fondateur <a href=\"https:\/\/thelyrictheatre.ca\/fr\/a-propos\/\">Bob Bachelor<\/a>, les Singers sont rapidement devenus un ensemble vocal prim\u00e9, dont la r\u00e9putation de r\u00e9unir des interpr\u00e8tes de premier plan de Broadway, de jazz et de musique chorale n\u2019est plus \u00e0 faire \u00e0 Montr\u00e9al. La transition entre les com\u00e9dies musicales et les revues Broadway a repr\u00e9sent\u00e9 un d\u00e9fi int\u00e9ressant pour le Lyric Theatre, car les spectacles des Singers m\u00e9langent plus de 30 num\u00e9ros diff\u00e9rents, et ce, imbriqu\u00e9s les uns \u00e0 la suite des autres de fa\u00e7on fluide et efficace, ce qui fait plaisir tant aux mordus de Broadway qu\u2019aux amateurs de musique d\u00e9contract\u00e9e. Le public appr\u00e9cie les interpr\u00e9tations soign\u00e9es tir\u00e9es de divers spectacles et compositeurs, dont <em>Chicago<\/em>, <em>West Side Story<\/em>, <em>Hamilton<\/em>, <em>Notre-Dame de Paris<\/em>, George Gershwin, Irving Berlin, Stephen Schwartz et Sara Bareilles. Le concert annuel \u00ab No\u00ebl aux chandelles \u00bb des Singers, qui allie grands classiques hivernaux et airs de No\u00ebl pr\u00e9sent\u00e9s dans des arrangements nouveaux et irr\u00e9sistibles, est devenu un incontournable du temps des F\u00eates \u00e0 Montr\u00e9al.<\/p><p style=\"text-align: left;\">La raret\u00e9 d\u2019un ensemble vocal dot\u00e9 des comp\u00e9tences n\u00e9cessaires permettant de pr\u00e9senter \u00e0 la fois des spectacles chor\u00e9graphi\u00e9s de Broadway et des concerts de No\u00ebl \u2014 et tout cela ex\u00e9cut\u00e9 de m\u00e9moire\u00a0! \u2014 n\u2019\u00e9chappe pas au public : les Lyric Theatre Singers sont r\u00e9guli\u00e8rement invit\u00e9s \u00e0 participer \u00e0 des projets communautaires et commerciaux. Parmi ceux-ci, citons :<\/p><ul><li style=\"text-align: left;\">Artistes invit\u00e9s au Festival de Lanaudi\u00e8re, au Festival des Arts de St-Sauveur en compagnie de Robert Marien, au Concert annuel de No\u00ebl de l\u2019EMSB et \u00e0 une collaboration avec l\u2019ensemble vocal Extravaganza;<\/li><li style=\"text-align: left;\">Concerts de No\u00ebl et de Broadway au Hudson Village Theatre, pour la Ville de Mont-Royal, \u00e0 la Salle Bourgie et au Th\u00e9\u00e2tre Rialto;<\/li><li style=\"text-align: left;\">Collecte de fonds pour le Montreal Lakeshore University Women\u2019s Club, la Montreal Children\u2019s Library, le Vanier College Musical Instrument Fund et le NDG Food Dep\u00f4t.<\/li><\/ul><p style=\"text-align: left;\">Ces spectacles et plusieurs autres encore t\u00e9moignent du d\u00e9vouement et du talent contenu dans l\u2019ensemble et qui font la fiert\u00e9 du Lyric Theatre. Peu importe le type de production \u2014 com\u00e9die musicale, revue ou concert de No\u00ebl \u2014, son moto a toujours \u00e9t\u00e9 et demeure le m\u00eame, soit celui de pr\u00e9senter des productions musicales de qualit\u00e9 sup\u00e9rieure, et de propager la joie pure que procure la musique.<\/p>\t\t\t\t\t\t\t\t<\/div>\n\t\t\t\t<\/div>\n\t\t\t\t\t<\/div>\n\t\t<\/div>\n\t\t\t\t<div class=\"elementor-column elementor-col-50 elementor-top-column elementor-element elementor-element-eb143ae\" data-id=\"eb143ae\" data-element_type=\"column\" data-e-type=\"column\">\n\t\t\t<div class=\"elementor-widget-wrap elementor-element-populated\">\n\t\t\t\t\t\t<div class=\"elementor-element elementor-element-46a9ceb elementor-widget elementor-widget-image\" data-id=\"46a9ceb\" data-element_type=\"widget\" data-e-type=\"widget\" data-widget_type=\"image.default\">\n\t\t\t\t<div class=\"elementor-widget-container\">\n\t\t\t\t\t\t\t\t\t\t\t\t\t\t\t<img fetchpriority=\"high\" decoding=\"async\" width=\"750\" height=\"500\" src=\"https:\/\/thelyrictheatre.ca\/wp-content\/uploads\/2019\/07\/history-02.jpg\" class=\"attachment-large size-large wp-image-707\" alt=\"\" srcset=\"https:\/\/thelyrictheatre.ca\/wp-content\/uploads\/2019\/07\/history-02.jpg 750w, https:\/\/thelyrictheatre.ca\/wp-content\/uploads\/2019\/07\/history-02-300x200.jpg 300w\" sizes=\"(max-width: 750px) 100vw, 750px\" \/>\t\t\t\t\t\t\t\t\t\t\t\t\t\t\t<\/div>\n\t\t\t\t<\/div>\n\t\t\t\t<div class=\"elementor-element elementor-element-360109a elementor-widget elementor-widget-image\" data-id=\"360109a\" data-element_type=\"widget\" data-e-type=\"widget\" data-widget_type=\"image.default\">\n\t\t\t\t<div class=\"elementor-widget-container\">\n\t\t\t\t\t\t\t\t\t\t\t\t\t\t\t<img decoding=\"async\" width=\"750\" height=\"500\" src=\"https:\/\/thelyrictheatre.ca\/wp-content\/uploads\/2019\/07\/history-03.jpg\" class=\"attachment-large size-large wp-image-709\" alt=\"\" srcset=\"https:\/\/thelyrictheatre.ca\/wp-content\/uploads\/2019\/07\/history-03.jpg 750w, https:\/\/thelyrictheatre.ca\/wp-content\/uploads\/2019\/07\/history-03-300x200.jpg 300w\" sizes=\"(max-width: 750px) 100vw, 750px\" \/>\t\t\t\t\t\t\t\t\t\t\t\t\t\t\t<\/div>\n\t\t\t\t<\/div>\n\t\t\t\t<div class=\"elementor-element elementor-element-2f4f981 elementor-widget elementor-widget-image\" data-id=\"2f4f981\" data-element_type=\"widget\" data-e-type=\"widget\" data-widget_type=\"image.default\">\n\t\t\t\t<div class=\"elementor-widget-container\">\n\t\t\t\t\t\t\t\t\t\t\t\t\t\t\t<img decoding=\"async\" width=\"750\" height=\"500\" src=\"https:\/\/thelyrictheatre.ca\/wp-content\/uploads\/2019\/07\/history-04.jpg\" class=\"attachment-large size-large wp-image-711\" alt=\"\" srcset=\"https:\/\/thelyrictheatre.ca\/wp-content\/uploads\/2019\/07\/history-04.jpg 750w, https:\/\/thelyrictheatre.ca\/wp-content\/uploads\/2019\/07\/history-04-300x200.jpg 300w\" sizes=\"(max-width: 750px) 100vw, 750px\" \/>\t\t\t\t\t\t\t\t\t\t\t\t\t\t\t<\/div>\n\t\t\t\t<\/div>\n\t\t\t\t<div class=\"elementor-element elementor-element-5309ce9 elementor-widget elementor-widget-image\" data-id=\"5309ce9\" data-element_type=\"widget\" data-e-type=\"widget\" data-widget_type=\"image.default\">\n\t\t\t\t<div class=\"elementor-widget-container\">\n\t\t\t\t\t\t\t\t\t\t\t\t\t\t\t<img loading=\"lazy\" decoding=\"async\" width=\"750\" height=\"500\" src=\"https:\/\/thelyrictheatre.ca\/wp-content\/uploads\/2019\/07\/history-05.jpg\" class=\"attachment-large size-large wp-image-713\" alt=\"\" srcset=\"https:\/\/thelyrictheatre.ca\/wp-content\/uploads\/2019\/07\/history-05.jpg 750w, https:\/\/thelyrictheatre.ca\/wp-content\/uploads\/2019\/07\/history-05-300x200.jpg 300w\" sizes=\"(max-width: 750px) 100vw, 750px\" \/>\t\t\t\t\t\t\t\t\t\t\t\t\t\t\t<\/div>\n\t\t\t\t<\/div>\n\t\t\t\t\t<\/div>\n\t\t<\/div>\n\t\t\t\t\t<\/div>\n\t\t<\/section>\n\t\t\t\t<\/div>\n\t\t","protected":false},"excerpt":{"rendered":"<p>Notre histoire Peu de compagnies de th\u00e9\u00e2tre communautaire peuvent s\u2019enorgueillir d\u2019un h\u00e9ritage aussi riche que celui du Lyric Theatre, qui compte plus de 50 ans de productions de com\u00e9dies musicales, de revues et de concerts de No\u00ebl de qualit\u00e9 irr\u00e9prochable. Fond\u00e9 dans l\u2019ouest de l\u2019\u00eele de Montr\u00e9al en 1965, le Lyric Theatre a d\u00e9marr\u00e9 ses [&hellip;]<\/p>\n","protected":false},"author":1,"featured_media":0,"parent":1219,"menu_order":0,"comment_status":"closed","ping_status":"closed","template":"full-width.php","meta":{"_acf_changed":false,"footnotes":""},"class_list":["post-1243","page","type-page","status-publish","hentry"],"acf":[],"yoast_head":"<!-- This site is optimized with the Yoast SEO plugin v27.2 - https:\/\/yoast.com\/product\/yoast-seo-wordpress\/ -->\n<title>Notre histoire<\/title>\n<meta name=\"robots\" content=\"index, follow, max-snippet:-1, max-image-preview:large, max-video-preview:-1\" \/>\n<link rel=\"canonical\" href=\"https:\/\/thelyrictheatre.ca\/about\/our-history\/\" \/>\n<meta property=\"og:locale\" content=\"fr_FR\" \/>\n<meta property=\"og:type\" content=\"article\" \/>\n<meta property=\"og:title\" content=\"Notre histoire\" \/>\n<meta property=\"og:description\" content=\"Notre histoire Peu de compagnies de th\u00e9\u00e2tre communautaire peuvent s\u2019enorgueillir d\u2019un h\u00e9ritage aussi riche que celui du Lyric Theatre, qui compte plus de 50 ans de productions de com\u00e9dies musicales, de revues et de concerts de No\u00ebl de qualit\u00e9 irr\u00e9prochable. Fond\u00e9 dans l\u2019ouest de l\u2019\u00eele de Montr\u00e9al en 1965, le Lyric Theatre a d\u00e9marr\u00e9 ses [&hellip;]\" \/>\n<meta property=\"og:url\" content=\"https:\/\/thelyrictheatre.ca\/about\/our-history\/\" \/>\n<meta property=\"og:site_name\" content=\"The Lyric Theatre\" \/>\n<meta property=\"article:publisher\" content=\"https:\/\/www.facebook.com\/LyricTheatreMontreal?fref=ts\" \/>\n<meta property=\"article:modified_time\" content=\"2021-10-25T14:40:19+00:00\" \/>\n<meta property=\"og:image\" content=\"https:\/\/thelyrictheatre.ca\/wp-content\/uploads\/2019\/07\/history-01.jpg\" \/>\n<meta name=\"twitter:card\" content=\"summary_large_image\" \/>\n<meta name=\"twitter:site\" content=\"@lyrictheatremtl\" \/>\n<meta name=\"twitter:label1\" content=\"Dur\u00e9e de lecture estim\u00e9e\" \/>\n\t<meta name=\"twitter:data1\" content=\"4 minutes\" \/>\n<script type=\"application\/ld+json\" class=\"yoast-schema-graph\">{\"@context\":\"https:\/\/schema.org\",\"@graph\":[{\"@type\":\"WebPage\",\"@id\":\"https:\/\/thelyrictheatre.ca\/about\/our-history\/\",\"url\":\"https:\/\/thelyrictheatre.ca\/about\/our-history\/\",\"name\":\"Notre histoire\",\"isPartOf\":{\"@id\":\"https:\/\/thelyrictheatre.ca\/#website\"},\"primaryImageOfPage\":{\"@id\":\"https:\/\/thelyrictheatre.ca\/about\/our-history\/#primaryimage\"},\"image\":{\"@id\":\"https:\/\/thelyrictheatre.ca\/about\/our-history\/#primaryimage\"},\"thumbnailUrl\":\"https:\/\/thelyrictheatre.ca\/wp-content\/uploads\/2019\/07\/history-01.jpg\",\"datePublished\":\"2019-09-20T00:00:13+00:00\",\"dateModified\":\"2021-10-25T14:40:19+00:00\",\"breadcrumb\":{\"@id\":\"https:\/\/thelyrictheatre.ca\/about\/our-history\/#breadcrumb\"},\"inLanguage\":\"fr-FR\",\"potentialAction\":[{\"@type\":\"ReadAction\",\"target\":[\"https:\/\/thelyrictheatre.ca\/about\/our-history\/\"]}]},{\"@type\":\"ImageObject\",\"inLanguage\":\"fr-FR\",\"@id\":\"https:\/\/thelyrictheatre.ca\/about\/our-history\/#primaryimage\",\"url\":\"https:\/\/thelyrictheatre.ca\/wp-content\/uploads\/2019\/07\/history-01.jpg\",\"contentUrl\":\"https:\/\/thelyrictheatre.ca\/wp-content\/uploads\/2019\/07\/history-01.jpg\"},{\"@type\":\"BreadcrumbList\",\"@id\":\"https:\/\/thelyrictheatre.ca\/about\/our-history\/#breadcrumb\",\"itemListElement\":[{\"@type\":\"ListItem\",\"position\":1,\"name\":\"Home\",\"item\":\"https:\/\/thelyrictheatre.ca\/\"},{\"@type\":\"ListItem\",\"position\":2,\"name\":\"\u00c0 propos\",\"item\":\"https:\/\/thelyrictheatre.ca\/about\/\"},{\"@type\":\"ListItem\",\"position\":3,\"name\":\"Notre histoire\"}]},{\"@type\":\"WebSite\",\"@id\":\"https:\/\/thelyrictheatre.ca\/#website\",\"url\":\"https:\/\/thelyrictheatre.ca\/\",\"name\":\"The Lyric Theatre\",\"description\":\"Une attraction incontournable de Montr\u00e9al pour les amoureux de th\u00e9\u00e2tre\",\"publisher\":{\"@id\":\"https:\/\/thelyrictheatre.ca\/#organization\"},\"potentialAction\":[{\"@type\":\"SearchAction\",\"target\":{\"@type\":\"EntryPoint\",\"urlTemplate\":\"https:\/\/thelyrictheatre.ca\/?s={search_term_string}\"},\"query-input\":{\"@type\":\"PropertyValueSpecification\",\"valueRequired\":true,\"valueName\":\"search_term_string\"}}],\"inLanguage\":\"fr-FR\"},{\"@type\":\"Organization\",\"@id\":\"https:\/\/thelyrictheatre.ca\/#organization\",\"name\":\"The Lyric Theatre\",\"url\":\"https:\/\/thelyrictheatre.ca\/\",\"logo\":{\"@type\":\"ImageObject\",\"inLanguage\":\"fr-FR\",\"@id\":\"https:\/\/thelyrictheatre.ca\/#\/schema\/logo\/image\/\",\"url\":\"https:\/\/thelyrictheatre.ca\/wp-content\/uploads\/2019\/06\/lyric-theatre-logo-white.png\",\"contentUrl\":\"https:\/\/thelyrictheatre.ca\/wp-content\/uploads\/2019\/06\/lyric-theatre-logo-white.png\",\"width\":576,\"height\":286,\"caption\":\"The Lyric Theatre\"},\"image\":{\"@id\":\"https:\/\/thelyrictheatre.ca\/#\/schema\/logo\/image\/\"},\"sameAs\":[\"https:\/\/www.facebook.com\/LyricTheatreMontreal?fref=ts\",\"https:\/\/x.com\/lyrictheatremtl\",\"https:\/\/www.youtube.com\/user\/LyricTheatreSingers\"]}]}<\/script>\n<!-- \/ Yoast SEO plugin. -->","yoast_head_json":{"title":"Notre histoire","robots":{"index":"index","follow":"follow","max-snippet":"max-snippet:-1","max-image-preview":"max-image-preview:large","max-video-preview":"max-video-preview:-1"},"canonical":"https:\/\/thelyrictheatre.ca\/about\/our-history\/","og_locale":"fr_FR","og_type":"article","og_title":"Notre histoire","og_description":"Notre histoire Peu de compagnies de th\u00e9\u00e2tre communautaire peuvent s\u2019enorgueillir d\u2019un h\u00e9ritage aussi riche que celui du Lyric Theatre, qui compte plus de 50 ans de productions de com\u00e9dies musicales, de revues et de concerts de No\u00ebl de qualit\u00e9 irr\u00e9prochable. Fond\u00e9 dans l\u2019ouest de l\u2019\u00eele de Montr\u00e9al en 1965, le Lyric Theatre a d\u00e9marr\u00e9 ses [&hellip;]","og_url":"https:\/\/thelyrictheatre.ca\/about\/our-history\/","og_site_name":"The Lyric Theatre","article_publisher":"https:\/\/www.facebook.com\/LyricTheatreMontreal?fref=ts","article_modified_time":"2021-10-25T14:40:19+00:00","og_image":[{"url":"https:\/\/thelyrictheatre.ca\/wp-content\/uploads\/2019\/07\/history-01.jpg","type":"","width":"","height":""}],"twitter_card":"summary_large_image","twitter_site":"@lyrictheatremtl","twitter_misc":{"Dur\u00e9e de lecture estim\u00e9e":"4 minutes"},"schema":{"@context":"https:\/\/schema.org","@graph":[{"@type":"WebPage","@id":"https:\/\/thelyrictheatre.ca\/about\/our-history\/","url":"https:\/\/thelyrictheatre.ca\/about\/our-history\/","name":"Notre histoire","isPartOf":{"@id":"https:\/\/thelyrictheatre.ca\/#website"},"primaryImageOfPage":{"@id":"https:\/\/thelyrictheatre.ca\/about\/our-history\/#primaryimage"},"image":{"@id":"https:\/\/thelyrictheatre.ca\/about\/our-history\/#primaryimage"},"thumbnailUrl":"https:\/\/thelyrictheatre.ca\/wp-content\/uploads\/2019\/07\/history-01.jpg","datePublished":"2019-09-20T00:00:13+00:00","dateModified":"2021-10-25T14:40:19+00:00","breadcrumb":{"@id":"https:\/\/thelyrictheatre.ca\/about\/our-history\/#breadcrumb"},"inLanguage":"fr-FR","potentialAction":[{"@type":"ReadAction","target":["https:\/\/thelyrictheatre.ca\/about\/our-history\/"]}]},{"@type":"ImageObject","inLanguage":"fr-FR","@id":"https:\/\/thelyrictheatre.ca\/about\/our-history\/#primaryimage","url":"https:\/\/thelyrictheatre.ca\/wp-content\/uploads\/2019\/07\/history-01.jpg","contentUrl":"https:\/\/thelyrictheatre.ca\/wp-content\/uploads\/2019\/07\/history-01.jpg"},{"@type":"BreadcrumbList","@id":"https:\/\/thelyrictheatre.ca\/about\/our-history\/#breadcrumb","itemListElement":[{"@type":"ListItem","position":1,"name":"Home","item":"https:\/\/thelyrictheatre.ca\/"},{"@type":"ListItem","position":2,"name":"\u00c0 propos","item":"https:\/\/thelyrictheatre.ca\/about\/"},{"@type":"ListItem","position":3,"name":"Notre histoire"}]},{"@type":"WebSite","@id":"https:\/\/thelyrictheatre.ca\/#website","url":"https:\/\/thelyrictheatre.ca\/","name":"The Lyric Theatre","description":"Une attraction incontournable de Montr\u00e9al pour les amoureux de th\u00e9\u00e2tre","publisher":{"@id":"https:\/\/thelyrictheatre.ca\/#organization"},"potentialAction":[{"@type":"SearchAction","target":{"@type":"EntryPoint","urlTemplate":"https:\/\/thelyrictheatre.ca\/?s={search_term_string}"},"query-input":{"@type":"PropertyValueSpecification","valueRequired":true,"valueName":"search_term_string"}}],"inLanguage":"fr-FR"},{"@type":"Organization","@id":"https:\/\/thelyrictheatre.ca\/#organization","name":"The Lyric Theatre","url":"https:\/\/thelyrictheatre.ca\/","logo":{"@type":"ImageObject","inLanguage":"fr-FR","@id":"https:\/\/thelyrictheatre.ca\/#\/schema\/logo\/image\/","url":"https:\/\/thelyrictheatre.ca\/wp-content\/uploads\/2019\/06\/lyric-theatre-logo-white.png","contentUrl":"https:\/\/thelyrictheatre.ca\/wp-content\/uploads\/2019\/06\/lyric-theatre-logo-white.png","width":576,"height":286,"caption":"The Lyric Theatre"},"image":{"@id":"https:\/\/thelyrictheatre.ca\/#\/schema\/logo\/image\/"},"sameAs":["https:\/\/www.facebook.com\/LyricTheatreMontreal?fref=ts","https:\/\/x.com\/lyrictheatremtl","https:\/\/www.youtube.com\/user\/LyricTheatreSingers"]}]}},"_links":{"self":[{"href":"https:\/\/thelyrictheatre.ca\/fr\/wp-json\/wp\/v2\/pages\/1243","targetHints":{"allow":["GET"]}}],"collection":[{"href":"https:\/\/thelyrictheatre.ca\/fr\/wp-json\/wp\/v2\/pages"}],"about":[{"href":"https:\/\/thelyrictheatre.ca\/fr\/wp-json\/wp\/v2\/types\/page"}],"author":[{"embeddable":true,"href":"https:\/\/thelyrictheatre.ca\/fr\/wp-json\/wp\/v2\/users\/1"}],"replies":[{"embeddable":true,"href":"https:\/\/thelyrictheatre.ca\/fr\/wp-json\/wp\/v2\/comments?post=1243"}],"version-history":[{"count":14,"href":"https:\/\/thelyrictheatre.ca\/fr\/wp-json\/wp\/v2\/pages\/1243\/revisions"}],"predecessor-version":[{"id":1923,"href":"https:\/\/thelyrictheatre.ca\/fr\/wp-json\/wp\/v2\/pages\/1243\/revisions\/1923"}],"up":[{"embeddable":true,"href":"https:\/\/thelyrictheatre.ca\/fr\/wp-json\/wp\/v2\/pages\/1219"}],"wp:attachment":[{"href":"https:\/\/thelyrictheatre.ca\/fr\/wp-json\/wp\/v2\/media?parent=1243"}],"curies":[{"name":"wp","href":"https:\/\/api.w.org\/{rel}","templated":true}]}}